{"id":1106,"date":"2024-02-06T19:19:28","date_gmt":"2024-02-06T19:19:28","guid":{"rendered":"https:\/\/partilaval.com\/?page_id=1106"},"modified":"2024-02-16T15:11:34","modified_gmt":"2024-02-16T15:11:34","slug":"louise-lortie","status":"publish","type":"page","link":"https:\/\/partilaval.com\/en\/louise-lortie\/","title":{"rendered":"Louise Lortie"},"content":{"rendered":"<p>[et_pb_section fb_built=\"1\u2033 custom_padding_last_edited=\"on|phone \" admin_label=\"Section \" _builder_version=\"4.24.0\u2033 _module_preset=\"default \" background_color=\"#F7F7F7\u2033 custom_margin=\"0px||||false|false \" custom_padding=\"5%||0px|false|false \" custom_padding_tablet= \"0px||0%||false|false \" custom_padding_phone=\"||0%||false|false \" hover_enabled=\"0\u2033 locked=\"off \" global_colors_info=\"{} \" sticky_enabled=\"0\u2033][et_pb_row column_structure=\"1_2,1_2\u2033 make_equal=\"on \" custom_padding_last_edited=\"on|tablet \" _builder_version=\"4.24.0\u2033 _module_preset=\"default \" width=\"75% \" width_tablet=\"75% \" width_phone=\"83% \" width_last_edited=\"on|phone \" max_width=\"75% \" max_width_tablet=\"75% \" max_width_phone=\"83% \" max_width_last_edited=\"on|phone \" custom_margin=\"0px||0px||false|false \" custom_padding=\"0px||0px||false|false \" custom_padding_tablet=\"88px||0px||false|false \" custom_padding_phone=\"78px||||false|false \" module_alignment_tablet=\"center \" module_alignment_phone=\"center \" module_alignment_last_edited=\"on|tablet \" global_colors_info=\"{}\"][et_pb_column type=\"1_2\u2033 admin_label=\"Column \" _builder_version=\"4.23.1\u2033 _module_preset=\"default \" custom_padding=\"0px||||false|false \" custom_padding_tablet=\"0px|0px|30px||false|false \" custom_padding_phone=\"|0px|0px||false|false \" custom_padding_last_edited=\"on|phone \" animation_style=\"fade \" animation_direction=\"bottom \" global_colors_info=\"{}\"][et_pb_text _builder_version=\"4.24.0\u2033 _module_preset=\"default \" header_2_font_size=\"48px \" header_2_letter_spacing=\"-1px \" header_2_line_height=\"1.2em \" header_3_text_color=\"#FFFFFF \" header_3_font_size=\"26px \" custom_margin=\"||5px||false|false \" global_colors_info=\"{}\"]<\/p>\n<h2>Louise Lortie<\/h2>\n<p>[\/et_pb_text][et_pb_text _builder_version=\"4.24.0\u2033 _module_preset=\"default \" text_font=\"|800||||||| \" text_font_size=\"18px \" text_line_height=\"1.5em \" width=\"85% \" width_tablet=\"70% \" width_phone=\"70% \" width_last_edited=\"on|desktop \" custom_margin=\"||16px||false|false \" custom_padding= \"||0px||false|false \" text_font_size_tablet=\"18px \" text_font_size_phone=\"18px \" text_font_size_last_edited=\"on|tablet \" global_colors_info=\"{} \"]<\/p>\n<p data-pm-slice=\"1 1 []\"><strong>Marc-Aur\u00e8le-Fortin City Councillor<\/strong><\/p>\n<p>[\/et_pb_text][et_pb_text _builder_version=\"4.24.0\u2033 _module_preset=\"default \" text_text_color=\"#686f7e \" width=\"83% \" width_tablet=\"83% \" width_phone=\"100% \" width_last_edited= \"on|phone \" max_width= \"83% \" max_width_tablet= \"83% \" max_width_phone= \"100% \" max_width_last_edited= \"on|desktop \" custom_padding= \"||0px||false|false \" custom_padding_tablet= \"||0px||false|false \" custom_padding_phone= \"||0px||false|false \" custom_padding_last_edited= \"on|phone \" hover_enabled= \"0\u2033 text_font_size_tablet= \" \" text_font_size_phone=\"16px \" text_font_size_last_edited=\"on|phone \" global_colors_info=\"{} \" sticky_enabled=\"0\u2033]<\/p>\n<p><span>Assuming the presidency of the Laval school board for over 1o years has prepared Louise Lortie to face any challenge. An enthusiast of grassroots democracy, she has a keen interest in cultural, environmental and community issues. Combining management skills with a thorough knowledge of the Laval territory, Louise will proudly and devotedly represent the citizens of Marc-Aur\u00e8le-Fortin in the November 2021 elections.<\/span><\/p>\n<p>[\/et_pb_text][et_pb_social_media_follow _builder_version=\"4.24.0\u2033 _module_preset=\"default \" filter_hue_rotate=\"342deg \" filter_saturate=\"68% \" filter_brightness=\"181% \" border_radii=\"on|226px|226px|226px|226px \" global_colors_info=\"{} \"][et_pb_social_media_follow_network social_network=\"facebook \" url=\"https:\/\/www.facebook.com\/LLortiePartiLaval\/ \" _builder_version=\"4.24.0\u2033 _module_preset=\"default \" background_color=\"#3b5998\u2033 global_colors_info=\"{} \" follow_button=\"off \" url_new_window=\"on \"]facebook[\/et_pb_social_media_follow_network][\/et_pb_social_media_follow][\/et_pb_column][et_pb_column type=\"1_2\u2033 admin_label=\"Column \" _builder_version=\"4.23.1\u2033 _module_preset=\"default \" animation_direction=\"bottom \" global_colors_info=\"{} \"][et_pb_image src= \"https:\/\/partilaval.com\/wp-content\/uploads\/2024\/02\/portraits_156_LLortie-sf-1.png \" title_text=\"portraits_156_LLortie (sf) (1) \" _builder_version=\"4.24.0\u2033 _module_preset=\"default \" width=\"70% \" width_tablet=\"67% \" width_phone=\"67% \" width_last_edited=\"on|desktop \" custom_margin=\"-90px||||false|false \" custom_margin_tablet=\"-151px||||false|false \" custom_margin_phone=\"-104px||||false|false \" custom_margin_last_edited=\"on|phone \" module_alignment_tablet=\"center \" module_alignment_phone=\"center \" module_alignment_last_edited=\"on|phone \" global_colors_info=\"{} \"][\/et_pb_image][\/et_pb_column][\/et_pb_row][et_pb_row _builder_version=\"4.24.0\u2033 _module_preset=\"default \" positioning=\"absolute \" position_origin_a=\"top_right \" vertical_offset=\"5px \" horizontal_offset=\"-364px \" z_index=\"0\u2033 vertical_offset_tablet=\"370px \" vertical_offset_phone=\"485px \" vertical_offset_last_edited=\"on|phone \" horizontal_offset_tablet=\"-119px \" horizontal_offset_phone= \"82px \" horizontal_offset_last_edited= \"on|phone \" position_origin_a_tablet= \"top_right \" position_origin_a_phone= \"top_right \" position_origin_a_last_edited= \"on|tablet \" position_origin_f_tablet= \" \" position_origin_f_phone= \" \" position_origin_f_last_edited= \"on|phone \" position_origin_r_tablet= \" \" position_origin_r_phone= \" \" position_origin_r_last_edited=\"on|phone \" positioning_tablet=\"absolute \" positioning_phone=\"absolute \" positioning_last_edited=\"on|phone \" locked=\"off \" global_colors_info=\"{}\"][et_pb_column type=\"4_4\u2033 admin_label=\"Column \" _builder_version=\"4.23.1\u2033 _module_preset=\"default \" global_colors_info=\"{} \"][et_pb_image src= \"https:\/\/partilaval.com\/wp-content\/uploads\/2023\/12\/Logo-grossit.png \" title_text= \"Logo grossit \" _builder_version=\"4.24.0\u2033 _module_preset=\"default \" width=\"47% \" width_tablet=\"65% \" width_phone=\"100% \" width_last_edited=\"on|phone \" max_width=\"47% \" max_width_tablet=\"65% \" max_width_phone=\"100% \" max_width_last_edited=\"on|phone \" global_colors_info=\"{} \"][\/et_pb_image][\/et_pb_column][\/et_pb_row][\/et_pb_section][et_pb_section fb_built=\"1\u2033 _builder_version=\"4.24.0\u2033 _module_preset=\"default \" global_colors_info=\"{} \"][et_pb_row column_structure=\"1_4,1_4,1_4,1_4\u2033 _builder_version=\"4.23.2\u2033 _module_preset=\"default \" width=\"65% \" max_width=\"65% \" custom_margin=\"||65px||false|false \" custom_margin_tablet=\"||30px||false|false \" custom_margin_phone= \"||4px||false|false \" custom_margin_last_edited=\"on|phone \" global_module=\"807\u2033 saved_tabs=\"all \" global_colors_info=\"{} \"][et_pb_column type=\"1_4\u2033 _builder_version=\"4.23.1\u2033 _module_preset=\"default \" global_colors_info=\"{} \"][et_pb_image src= \"https:\/\/partilaval.com\/wp-content\/uploads\/2023\/11\/Logo_Parti-Laval-1-e1702928804340.png \" title_text=\"Logo_Parti Laval\" show_bottom_space=\"off \" _builder_version=\"4.23.4\u2033 _module_preset=\"default \" width=\"75% \" width_tablet=\"72% \" width_phone=\"64% \" width_last_edited=\"on|phone \" max_width=\"75% \" max_width_tablet=\"72% \" max_width_phone= \"68% \" max_width_last_edited= \"on|phone \" module_alignment= \"left \" custom_margin= \"||18px||false|false \" custom_margin_tablet= \" \" custom_margin_phone= \"||-6px||false|false \" custom_margin_last_edited=\"on|phone \" module_alignment_tablet=\"left \" module_alignment_phone=\"left \" module_alignment_last_edited=\"on|desktop \" global_colors_info=\"{} \"][\/et_pb_image][\/et_pb_column][et_pb_column type=\"1_4\u2033 _builder_version=\"4.23.1\u2033 _module_preset=\"default \" global_colors_info=\"{} \"][et_pb_text _builder_version=\"4.23.2\u2033 _dynamic_attributes=\"link_option_url \" _module_preset=\"default \" header_3_text_color=\"#33383F \" header_3_font_size=\"17px \" header_3_line_height=\"1.4em \" custom_margin=\"||1px||false|false \" custom_padding=\"||0px||false|false \" link_option_url=\"@ET-DC@eyJkeW5hbWljIjp0cnVlLCJjb250ZW50IjoicG9zdF9saW5rX3VybF9wYWdlIiwic2V0dGluZ3MiOnsicG9zdF9pZCI6IjIzIn19@ \" header_3_font_size_tablet=\"17px \" header_3_font_size_phone=\"17px \" header_3_font_size_last_edited=\"on|phone \" global_colors_info=\"{} \" border_width_bottom__hover_enabled=\"off|hover \" border_width_bottom__hover=\"1px \" header_3_text_color__hover_enabled=\"on|desktop \" header_3_text_color__hover=\"#4FAAED \"]<\/p>\n<h3>About<\/h3>\n<p>[\/et_pb_text][et_pb_text _builder_version=\"4.23.4\u2033 _dynamic_attributes=\"link_option_url \" _module_preset=\"default \" header_3_text_color=\"#33383F \" header_3_font_size=\"17px \" header_3_line_height=\"1.4em \" custom_margin=\"||1px||false|false \" custom_padding=\"||0px||false|false \" link_option_url=\"@ET-DC@eyJkeW5hbWljIjp0cnVlLCJjb250ZW50IjoicG9zdF9saW5rX3VybF9wYWdlIiwic2V0dGluZ3MiOnsicG9zdF9pZCI6IjI1In19@ \" header_3_font_size_tablet=\"17px \" header_3_font_size_phone=\"17px \" header_3_font_size_last_edited=\"on|phone \" global_colors_info=\"{} \" border_width_bottom__hover_enabled=\"off|hover \" border_width_bottom__hover=\"1px \" header_3_text_color__hover_enabled=\"on|hover \" header_3_text_color__hover=\"#77BF21\u2033]<\/p>\n<h3>Our priorities<\/h3>\n<p>[\/et_pb_text][et_pb_text _builder_version=\"4.23.2\u2033 _dynamic_attributes=\"link_option_url \" _module_preset=\"default \" header_3_text_color=\"#33383F \" header_3_font_size=\"17px \" header_3_line_height=\"1.4em \" custom_margin=\"||1px||false|false \" custom_padding=\"||0px||false|false \" link_option_url=\"@ET-DC@eyJkeW5hbWljIjp0cnVlLCJjb250ZW50IjoicG9zdF9saW5rX3VybF9wYWdlIiwic2V0dGluZ3MiOnsicG9zdF9pZCI6IjI3In19@ \" header_3_font_size_tablet=\"17px \" header_3_font_size_phone=\"17px \" header_3_font_size_last_edited=\"on|phone \" global_colors_info=\"{} \" border_width_bottom__hover_enabled=\"off|hover \" border_width_bottom__hover=\"1px \" header_3_text_color__hover_enabled=\"on|desktop \" header_3_text_color__hover=\"#4FAAED \"]<\/p>\n<h3>News<\/h3>\n<p>[\/et_pb_text][et_pb_text _builder_version=\"4.23.2\u2033 _dynamic_attributes=\"link_option_url \" _module_preset=\"default \" header_3_text_color=\"#33383F \" header_3_font_size=\"17px \" header_3_line_height=\"1.4em \" custom_margin=\"||1px||false|false \" custom_padding=\"||0px||false|false \" link_option_url=\"@ET-DC@eyJkeW5hbWljIjp0cnVlLCJjb250ZW50IjoicG9zdF9saW5rX3VybF9wYWdlIiwic2V0dGluZ3MiOnsicG9zdF9pZCI6IjI5In19@ \" header_3_font_size_tablet=\"17px \" header_3_font_size_phone=\"17px \" header_3_font_size_last_edited=\"on|phone \" global_colors_info=\"{} \" border_width_bottom__hover_enabled=\"off|hover \" border_width_bottom__hover=\"1px \" header_3_text_color__hover_enabled=\"on|hover \" header_3_text_color__hover=\"#77BF21\u2033]<\/p>\n<h3>Contact us<\/h3>\n<p>[\/et_pb_text][\/et_pb_column][et_pb_column type=\"1_4\u2033 _builder_version=\"4.23.1\u2033 _module_preset=\"default \" global_colors_info=\"{} \"][et_pb_text _builder_version=\"4.23.4\u2033 _module_preset=\"default \" header_3_text_color=\"#33383F \" header_3_font_size=\"17px \" header_3_line_height=\"1.4em \" custom_margin=\"||-5px||false|false \" custom_padding=\"||0px||false|false \" link_option_url=\"https:\/\/monelection.org\/form\/member\/mLQZrfSW474EPFPbo37addI9T2Jkh1\u2033 header_3_font_size_tablet=\"17px \" header_3_font_size_phone=\"17px \" header_3_font_size_last_edited=\"on|phone \" global_colors_info= \"{} \" border_width_bottom__hover_enabled=\"off|hover \" border_width_bottom__hover=\"1px \" header_3_text_color__hover_enabled=\"on|desktop \" header_3_text_color__hover=\"#4FAAED \"]<\/p>\n<h3>Join us<\/h3>\n<p>[\/et_pb_text][et_pb_text _builder_version=\"4.23.4\u2033 _dynamic_attributes=\"link_option_url \" _module_preset=\"default \" text_text_color=\"rgba(83,95,119,0.79) \" text_font_size=\"16px \" text_line_height=\"1.4em \" custom_margin=\"||16px||false|false \" custom_margin_tablet=\"||20px||false|false \" custom_margin_phone=\"||25px||false|false \" custom_margin_last_edited=\"on|phone \" custom_padding=\"||0px||false|false \" link_option_url=\"@ET-DC@eyJkeW5hbWljIjp0cnVlLCJjb250ZW50IjoicG9zdF9saW5rX3VybF9wYWdlIiwic2V0dGluZ3MiOnsicG9zdF9pZCI6IjMxIn19@ \" text_font_size_tablet= \" \" text_font_size_phone= \"17px \" text_font_size_last_edited=\"on|phone\" global_colors_info=\"{}\" text_text_color__hover_enabled=\"on|hover\" text_text_color__hover=\"#33383F\"]<\/p>\n<p>Why become a member?<\/p>\n<p>[\/et_pb_text][et_pb_text _builder_version=\"4.23.2\u2033 _module_preset=\"default \" text_text_color=\"rgba(83,95,119,0.5) \" header_3_text_color=\"#33383F \" header_3_font_size=\"17px \" header_3_line_height=\"1.4em \" custom_margin=\"||-5px||false|false \" custom_padding=\"||0px||false|false \" link_option_url=\"https:\/\/monelection.org\/form\/donation\/bOe4QBtwtc3JYoQgDk3dCwdlLmFY9O \" header_3_font_size_tablet=\"17px \" header_3_font_size_phone=\"17px \" header_3_font_size_last_edited=\"on|phone \" global_colors_info=\"{} \" border_width_bottom__hover_enabled= \"off|hover \" border_width_bottom__hover=\"1px \" header_3_text_color__hover_enabled=\"on|hover \" header_3_text_color__hover=\"#77BF21\u2033 text_text_color__hover=\"#33383F \" text_text_color__hover_enabled=\"on|hover \"]<\/p>\n<h3>Donate<\/h3>\n<p>[\/et_pb_text][et_pb_text _builder_version=\"4.23.2\u2033 _dynamic_attributes=\"link_option_url \" _module_preset=\"default \" text_text_color=\"rgba(83,95,119,0.79) \" text_font_size=\"16px \" text_line_height=\"1.4em \" custom_margin=\"||16px||false|false \" custom_margin_tablet=\"||20px||false|false \" custom_margin_phone=\"||25px||false|false \" custom_margin_last_edited=\"on|phone \" custom_padding=\"||0px||false|false \" link_option_url=\"@ET-DC@eyJkeW5hbWljIjp0cnVlLCJjb250ZW50IjoicG9zdF9saW5rX3VybF9wYWdlIiwic2V0dGluZ3MiOnsicG9zdF9pZCI6IjMzIn19@ \" text_font_size_tablet= \" \" text_font_size_phone= \"17px \" text_font_size_last_edited=\"on|phone\" global_colors_info=\"{}\" text_text_color__hover_enabled=\"on|hover\" text_text_color__hover=\"#33383F\"]<\/p>\n<p>Why make a donation?<\/p>\n<p>[\/et_pb_text][et_pb_text _builder_version=\"4.23.2\u2033 _module_preset=\"default \" text_text_color=\"rgba(83,95,119,0.5) \" header_3_text_color=\"#33383F \" header_3_font_size=\"17px \" header_3_line_height=\"1.4em \" custom_margin=\"||-5px||false|false \" custom_padding= \"||0px||false|false \" header_3_text_color_tablet= \"#33383F \" header_3_text_color_phone= \"#33383F \" header_3_text_color_last_edited=\"on|phone \" header_3_font_size_tablet=\"17px \" header_3_font_size_phone=\"17px \" header_3_font_size_last_edited=\"on|phone \" global_colors_info=\"{} \" border_width_bottom__hover_enabled=\"off|hover \" border_width_bottom__hover=\"1px \" header_3_text_color__hover_enabled= \"on|desktop \" header_3_text_color__hover=\"#4FAAED \" text_text_color__hover=\"#33383F \" text_text_color__hover_enabled=\"on|hover \"]<\/p>\n<h3>Being a volunteer<\/h3>\n<p>[\/et_pb_text][et_pb_text _builder_version=\"4.23.4\u2033 _dynamic_attributes=\"link_option_url \" _module_preset=\"default \" text_text_color=\"rgba(83,95,119,0.79) \" text_font_size=\"16px \" text_line_height=\"1.4em \" custom_margin=\"||16px||false|false \" custom_margin_tablet=\"||20px||false|false \" custom_margin_phone=\"||25px||false|false \" custom_margin_last_edited=\"on|phone \" custom_padding=\"||0px||false|false \" link_option_url=\"@ET-DC@eyJkeW5hbWljIjp0cnVlLCJjb250ZW50IjoicG9zdF9saW5rX3VybF9wYWdlIiwic2V0dGluZ3MiOnsicG9zdF9pZCI6IjM5NyJ9fQ==@ \" text_font_size_tablet= \" \" text_font_size_phone= \"17px \" text_font_size_last_edited=\"on|phone \" global_colors_info=\"{} \" text_text_color__hover_enabled=\"on|hover \" text_text_color__hover=\"#33383F \"]<\/p>\n<p>Why volunteer?<\/p>\n<p>[\/et_pb_text][\/et_pb_column][et_pb_column type=\"1_4\u2033 _builder_version=\"4.23.1\u2033 _module_preset=\"default \" global_colors_info=\"{} \"][et_pb_text _builder_version=\"4.23.1\u2033 _module_preset=\"default \" text_text_color=\"rgba(83,95,119,0.5) \" header_3_text_color=\"#33383F \" header_3_font_size=\"17px \" header_3_line_height=\"1.4em \" custom_margin=\"||-4px||false|false \" custom_padding=\"||0px||false|false \" header_3_font_size_tablet=\"17px \" header_3_font_size_phone=\"17px \" header_3_font_size_last_edited=\"on|phone \" global_colors_info=\"{} \" border_width_bottom__hover_enabled= \"off|hover \" border_width_bottom__hover=\"1px \" header_3_text_color__hover_enabled=\"on|hover \" header_3_text_color__hover=\"#4FAAED \" text_text_color__hover=\"#33383F \" text_text_color__hover_enabled=\"on|hover \"]<\/p>\n<h3>E-mail<\/h3>\n<p>[\/et_pb_text][et_pb_text _builder_version=\"4.23.4\u2033 _module_preset=\"default \" text_text_color=\"rgba(83,95,119,0.79) \" text_font_size=\"16px \" text_line_height=\"1.4em \" custom_margin=\"||16px||false|false \" custom_margin_tablet=\"||20px||false|false \" custom_margin_phone=\"||-10px||false|false \" custom_margin_last_edited= \"on|phone \" custom_padding= \"||0px||false|false \" link_option_url= \"mailto:contact@partilaval.com \" text_font_size_tablet= \" \" text_font_size_phone=\"17px \" text_font_size_last_edited=\"on|phone \" global_colors_info=\"{} \" text_text_color__hover_enabled=\"on|hover \" text_text_color__hover=\"#33383F \"]<\/p>\n<p>contact@partilaval.com<\/p>\n<p>[\/et_pb_text][et_pb_button button_url=\"https:\/\/monelection.org\/form\/sign\/OA8kqp4NqDGCUPLjAd44nkoPJuE0aN \" url_new_window=\"on \" button_text=\"Subscribe to newsletter \" _builder_version=\"4.24.0\u2033 _module_preset=\"default \" custom_button=\"on \" button_text_size=\"14px \" button_text_color=\"#FFFFFF \" button_bg_color=\"rgba(51,56,63,0.82) \" button_border_color=\"#F7F7F7\u2033 button_font=\"|||||||| \" button_icon=\"$||divi||400\u2033 custom_margin=\"25px||29px||false|false \" custom_margin_last_edited=\"off|desktop \" button_text_size_tablet= \"15px \" button_text_size_phone=\"15px \" button_text_size_last_edited=\"on|phone \" global_colors_info=\"{} \" button_bg_color__hover_enabled=\"off|hover \" button_bg_color__hover=\"rgba(234,245,221,0.48)\" button_bg_enable_color__hover=\"on\" width_last_edited=\"on|phone\" width_tablet=\"62%\" width_phone=\"62%\"][\/et_pb_button][et_pb_social_media_follow _builder_version=\"4.23.2\u2033 _module_preset=\"default \" custom_margin_tablet=\"34px||||false|false \" custom_margin_phone=\"34px||||false|false \" custom_margin_last_edited=\"on|phone \" border_radii= \"on|619px|619px|619px|619px \" global_colors_info=\"{} \" custom_margin__hover_enabled=\"off|desktop \"][et_pb_social_media_follow_network social_network=\"facebook \" url=\"https:\/\/www.facebook.com\/partilavalofficiel\/?locale=en_CA \" _builder_version=\"4.23.2\u2033 _module_preset=\"default \" background_color=\"#3b5998\u2033 global_colors_info=\"{}\" follow_button=\"off \" url_new_window=\"on\"]facebook[\/et_pb_social_media_follow_network][et_pb_social_media_follow_network social_network=\"twitter \" url=\"https:\/\/x.com\/Le_PartiLaval?s=20\u2033 _builder_version=\"4.23.2\u2033 _module_preset=\"default \" background_color=\"#000000\u2033 global_colors_info=\"{} \" follow_button=\"off \" url_new_window=\"on\"]X[\/et_pb_social_media_follow_network][\/et_pb_social_media_follow][dsm_button _builder_version=\"4.23.1\u2033 _module_preset=\"default \" global_colors_info=\"{} \"][\/dsm_button][\/et_pb_column][\/et_pb_row][\/et_pb_section]<\/p>","protected":false},"excerpt":{"rendered":"<p>Louise LortieMarc-Aur\u00e8le-Fortin City CouncillorHaving served as president of the Laval school board for over 1o years has prepared Louise Lortie for any challenge. An enthusiast of grassroots democracy, she has a keen interest in cultural, environmental and community issues. Combining management skills and [...]<\/p>","protected":false},"author":1,"featured_media":0,"parent":0,"menu_order":0,"comment_status":"closed","ping_status":"closed","template":"","meta":{"_et_pb_use_builder":"on","_et_pb_old_content":"","_et_gb_content_width":"","footnotes":""},"class_list":["post-1106","page","type-page","status-publish","hentry"],"yoast_head":"<!-- This site is optimized with the Yoast SEO plugin v25.2 - https:\/\/yoast.com\/wordpress\/plugins\/seo\/ -->\n<title>Louise Lortie - Parti Laval<\/title>\n<meta name=\"robots\" content=\"index, follow, max-snippet:-1, max-image-preview:large, max-video-preview:-1\" \/>\n<link rel=\"canonical\" href=\"https:\/\/partilaval.com\/en\/louise-lortie\/\" \/>\n<meta property=\"og:locale\" content=\"en_US\" \/>\n<meta property=\"og:type\" content=\"article\" \/>\n<meta property=\"og:title\" content=\"Louise Lortie - Parti Laval\" \/>\n<meta property=\"og:description\" content=\"Louise LortieConseill\u00e8re municipale de Marc-Aur\u00e8le-FortinAssumer la pr\u00e9sidence de la commission scolaire de Laval pendant plus de 1o ans a pr\u00e9par\u00e9 Louise Lortie \u00e0 affronter tous les d\u00e9fis. Adepte de la d\u00e9mocratie de proximit\u00e9, elle d\u00e9montre un int\u00e9r\u00eat marqu\u00e9 pour les enjeux qui touchent la culture, l\u2019environnement et le milieu communautaire. Alliant comp\u00e9tences en gestion et [&hellip;]\" \/>\n<meta property=\"og:url\" content=\"https:\/\/partilaval.com\/en\/louise-lortie\/\" \/>\n<meta property=\"og:site_name\" content=\"Parti Laval\" \/>\n<meta property=\"article:modified_time\" content=\"2024-02-16T15:11:34+00:00\" \/>\n<meta name=\"twitter:card\" content=\"summary_large_image\" \/>\n<meta name=\"twitter:label1\" content=\"Est. reading time\" \/>\n\t<meta name=\"twitter:data1\" content=\"13 minutes\" \/>\n<script type=\"application\/ld+json\" class=\"yoast-schema-graph\">{\"@context\":\"https:\/\/schema.org\",\"@graph\":[{\"@type\":\"WebPage\",\"@id\":\"https:\/\/partilaval.com\/louise-lortie\/\",\"url\":\"https:\/\/partilaval.com\/louise-lortie\/\",\"name\":\"Louise Lortie - Parti Laval\",\"isPartOf\":{\"@id\":\"https:\/\/partilaval.com\/#website\"},\"datePublished\":\"2024-02-06T19:19:28+00:00\",\"dateModified\":\"2024-02-16T15:11:34+00:00\",\"breadcrumb\":{\"@id\":\"https:\/\/partilaval.com\/louise-lortie\/#breadcrumb\"},\"inLanguage\":\"en-CA\",\"potentialAction\":[{\"@type\":\"ReadAction\",\"target\":[\"https:\/\/partilaval.com\/louise-lortie\/\"]}]},{\"@type\":\"BreadcrumbList\",\"@id\":\"https:\/\/partilaval.com\/louise-lortie\/#breadcrumb\",\"itemListElement\":[{\"@type\":\"ListItem\",\"position\":1,\"name\":\"Accueil\",\"item\":\"https:\/\/partilaval.com\/\"},{\"@type\":\"ListItem\",\"position\":2,\"name\":\"Louise Lortie\"}]},{\"@type\":\"WebSite\",\"@id\":\"https:\/\/partilaval.com\/#website\",\"url\":\"https:\/\/partilaval.com\/\",\"name\":\"Parti Laval\",\"description\":\"Construisons l&#039;avenir ensemble\",\"potentialAction\":[{\"@type\":\"SearchAction\",\"target\":{\"@type\":\"EntryPoint\",\"urlTemplate\":\"https:\/\/partilaval.com\/?s={search_term_string}\"},\"query-input\":{\"@type\":\"PropertyValueSpecification\",\"valueRequired\":true,\"valueName\":\"search_term_string\"}}],\"inLanguage\":\"en-CA\"}]}<\/script>\n<!-- \/ Yoast SEO plugin. -->","yoast_head_json":{"title":"Louise Lortie - Parti Laval","robots":{"index":"index","follow":"follow","max-snippet":"max-snippet:-1","max-image-preview":"max-image-preview:large","max-video-preview":"max-video-preview:-1"},"canonical":"https:\/\/partilaval.com\/en\/louise-lortie\/","og_locale":"en_US","og_type":"article","og_title":"Louise Lortie - Parti Laval","og_description":"Louise LortieConseill\u00e8re municipale de Marc-Aur\u00e8le-FortinAssumer la pr\u00e9sidence de la commission scolaire de Laval pendant plus de 1o ans a pr\u00e9par\u00e9 Louise Lortie \u00e0 affronter tous les d\u00e9fis. Adepte de la d\u00e9mocratie de proximit\u00e9, elle d\u00e9montre un int\u00e9r\u00eat marqu\u00e9 pour les enjeux qui touchent la culture, l\u2019environnement et le milieu communautaire. Alliant comp\u00e9tences en gestion et [&hellip;]","og_url":"https:\/\/partilaval.com\/en\/louise-lortie\/","og_site_name":"Parti Laval","article_modified_time":"2024-02-16T15:11:34+00:00","twitter_card":"summary_large_image","twitter_misc":{"Est. reading time":"13 minutes"},"schema":{"@context":"https:\/\/schema.org","@graph":[{"@type":"WebPage","@id":"https:\/\/partilaval.com\/louise-lortie\/","url":"https:\/\/partilaval.com\/louise-lortie\/","name":"Louise Lortie - Parti Laval","isPartOf":{"@id":"https:\/\/partilaval.com\/#website"},"datePublished":"2024-02-06T19:19:28+00:00","dateModified":"2024-02-16T15:11:34+00:00","breadcrumb":{"@id":"https:\/\/partilaval.com\/louise-lortie\/#breadcrumb"},"inLanguage":"en-CA","potentialAction":[{"@type":"ReadAction","target":["https:\/\/partilaval.com\/louise-lortie\/"]}]},{"@type":"BreadcrumbList","@id":"https:\/\/partilaval.com\/louise-lortie\/#breadcrumb","itemListElement":[{"@type":"ListItem","position":1,"name":"Accueil","item":"https:\/\/partilaval.com\/"},{"@type":"ListItem","position":2,"name":"Louise Lortie"}]},{"@type":"WebSite","@id":"https:\/\/partilaval.com\/#website","url":"https:\/\/partilaval.com\/","name":"Laval Party","description":"Building the future together","potentialAction":[{"@type":"SearchAction","target":{"@type":"EntryPoint","urlTemplate":"https:\/\/partilaval.com\/?s={search_term_string}"},"query-input":{"@type":"PropertyValueSpecification","valueRequired":true,"valueName":"search_term_string"}}],"inLanguage":"en-CA"}]}},"_links":{"self":[{"href":"https:\/\/partilaval.com\/en\/wp-json\/wp\/v2\/pages\/1106","targetHints":{"allow":["GET"]}}],"collection":[{"href":"https:\/\/partilaval.com\/en\/wp-json\/wp\/v2\/pages"}],"about":[{"href":"https:\/\/partilaval.com\/en\/wp-json\/wp\/v2\/types\/page"}],"author":[{"embeddable":true,"href":"https:\/\/partilaval.com\/en\/wp-json\/wp\/v2\/users\/1"}],"replies":[{"embeddable":true,"href":"https:\/\/partilaval.com\/en\/wp-json\/wp\/v2\/comments?post=1106"}],"version-history":[{"count":8,"href":"https:\/\/partilaval.com\/en\/wp-json\/wp\/v2\/pages\/1106\/revisions"}],"predecessor-version":[{"id":1227,"href":"https:\/\/partilaval.com\/en\/wp-json\/wp\/v2\/pages\/1106\/revisions\/1227"}],"wp:attachment":[{"href":"https:\/\/partilaval.com\/en\/wp-json\/wp\/v2\/media?parent=1106"}],"curies":[{"name":"wp","href":"https:\/\/api.w.org\/{rel}","templated":true}]}}