{"id":1127,"date":"2024-02-07T21:25:15","date_gmt":"2024-02-07T21:25:15","guid":{"rendered":"https:\/\/partilaval.com\/?page_id=1127"},"modified":"2024-09-09T21:56:18","modified_gmt":"2024-09-09T21:56:18","slug":"politique-de-confidentialite","status":"publish","type":"page","link":"https:\/\/partilaval.com\/en\/politique-de-confidentialite\/","title":{"rendered":"Privacy policy"},"content":{"rendered":"<p><strong>PRIVACY POLICY<\/strong><\/p>\n\n\n\n<p>This policy applies to the site: partilaval.com Date of last update: February 7, 2024<\/p>\n\n\n\n<p>Your privacy is of the utmost importance to Parti Laval, which is responsible for this site.<\/p>\n\n\n\n<p>The purpose of this privacy policy is to provide you with information:<\/p>\n\n\n\n<p>How your personal information is collected and processed. Personal information includes any information that may identify you. This includes your first and last name, your age, your postal address, your e-mail address, your location and your IP address;<\/p>\n\n\n\n<p>What are your rights regarding this information?<br>Who is responsible for processing the personal information collected and processed ;<br>To whom this information is sent ;<br>Eventually, the site's policy on cookies.<\/p>\n\n\n\n<p>This privacy policy supplements the General Terms and Conditions of Use, which you can consult at the address below:<\/p>\n\n\n\n<p>partilaval.com<\/p>\n\n\n\n<p><strong>1. COLLECTION OF PERSONAL INFORMATION<\/strong><\/p>\n\n\n\n<p>We do not collect your personal information.<\/p>\n\n\n\n<p><strong>2. LOG FILES AND COOKIES<\/strong><\/p>\n\n\n\n<p>We collect certain information through log files and other means.<\/p>\n\n\n\n<p>Cookies. These files enable us to process statistics and traffic information, facilitate navigation and improve service for your convenience.<\/p>\n\n\n\n<p><strong>a) Description of cookies used by the site<\/strong><\/p>\n\n\n\n<p>This mainly concerns the following information:<\/p>\n\n\n\n<p>IP address<\/p>\n\n\n\n<p>Operating system<\/p>\n\n\n\n<p>Visited pages and queries<\/p>\n\n\n\n<p>Time and day of connection<\/p>\n\n\n\n<p>Other(s) :<br>origin of users or visitors to the site<\/p>\n\n\n\n<p>The use of such files enables us to achieve the following objectives:<\/p>\n\n\n\n<p>Improved service and personalized welcome Creation of personalized consumer profiles Order tracking<br>Statistical studies<\/p>\n\n\n\n<p><strong>b) Opposition to the use of cookies by the site<\/strong><\/p>\n\n\n\n<p>You can prevent these cookies from being saved by configuring your browser.<\/p>\n\n\n\n<p>If you decide to deactivate cookies, you will be able to continue browsing the site. However, we cannot be held responsible for any malfunctioning of the site caused by this manipulation.<\/p>\n\n\n\n<p><strong>3. SHARING OF PERSONAL INFORMATION<\/strong><\/p>\n\n\n\n<p>Personal information collected by the site is not transmitted to any third party and is processed solely by us.<\/p>\n\n\n\n<p><strong>4. RETENTION PERIOD OF PERSONAL INFORMATION<\/strong><\/p>\n\n\n\n<p>The person responsible for processing personal information will keep all personal information collected for a period of : 1 year.<\/p>\n\n\n\n<p><strong>5. HOSTING OF PERSONAL INFORMATION<\/strong><\/p>\n\n\n\n<p>Our site is hosted by : Les Remarqu\u00e9s, whose head office is located at the following address: 4702 Rue Louis-B.-Mayer, Suite 401, Laval, QC H7P 0L9<\/p>\n\n\n\n<p>The host can be contacted on the following telephone number: 4509141002.<\/p>\n\n\n\n<p>The personal information we collect and process is transferred to the following country(ies): United States.<\/p>\n\n\n\n<p><strong>6. PERSON RESPONSIBLE FOR PROCESSING PERSONAL INFORMATION<\/strong><\/p>\n\n\n\n<p><strong>a) The data controller<\/strong><\/p>\n\n\n\n<p><em>Person responsible for compliance with this policy:<\/em><\/p>\n\n\n\n<p>The person in charge of processing personal information is responsible for determining the purposes and means of processing personal information. This person can be contacted at any time at contact@partilaval.com.<\/p>\n\n\n\n<p><strong>b) Obligations of the data controller<\/strong><\/p>\n\n\n\n<p>The person responsible for processing personal information undertakes to protect the personal information collected, not to pass it on to third parties without your knowledge and to respect the purposes for which the information was collected.<\/p>\n\n\n\n<p>In addition, the data controller undertakes to notify you in the event of rectification or deletion of personal information, unless this would entail disproportionate formalities, costs or steps for the data controller.<\/p>\n\n\n\n<p>In the event that the integrity, confidentiality or security of your personal information is compromised, the data controller undertakes to inform you by any means necessary.<\/p>\n\n\n\n<p><strong>7. RIGHT OF OBJECTION AND WITHDRAWAL<\/strong><\/p>\n\n\n\n<p>You have the right to object to the processing of your personal information by the site (\"right of objection\"). You also have the right to request that your personal information no longer appear, for example, on a mailing list (\"right of withdrawal\").<\/p>\n\n\n\n<p>In order to object to the processing of your personal information or request the withdrawal of your personal information, you must follow the following procedure:<\/p>\n\n\n\n<p>The user must make a request to limit the processing of his\/her personal information to the data controller, by sending an e-mail to the address provided above.<\/p>\n\n\n\n<p><strong>8. RIGHT OF ACCESS, RECTIFICATION AND DELETION<\/strong><\/p>\n\n\n\n<p>You can view, update, modify or request the deletion of your personal information by following the procedure set out below:<\/p>\n\n\n\n<p>The user must send an e-mail to the data controller, specifying the subject of the request and using the data controller's contact e-mail address provided on this page.<\/p>\n\n\n\n<p><strong>9. SAFETY<\/strong><\/p>\n\n\n\n<p>The personal information we collect is kept in a secure environment. The people working for us are required to respect the confidentiality of your information.<\/p>\n\n\n\n<p>To ensure the security of your personal information, we use the following measures:<\/p>\n\n\n\n<p>SSL (Secure Sockets Layer) protocol<\/p>\n\n\n\n<p>We are committed to maintaining a high level of confidentiality by integrating the latest technological innovations to ensure the confidentiality of your transactions. However, as no mechanism offers maximum security, there is always a degree of risk involved when using the Internet to transmit personal information.<\/p>\n\n\n\n<p><strong>10. CONDITIONS FOR MODIFYING THE PRIVACY POLICY<\/strong><\/p>\n\n\n\n<p>This privacy policy may be consulted at any time at the address below:<\/p>\n\n\n\n<p><a href=\"https:\/\/partilaval.com\/en\/politique-de-confidentialite\/\">https:\/\/partilaval.com\/politique-de-confidentialite<\/a><\/p>\n\n\n\n<p>We reserve the right to make changes to ensure compliance with applicable law.<\/p>\n\n\n\n<p>Consequently, you are invited to consult this privacy policy regularly in order to keep up to date with the latest changes.<\/p>\n\n\n\n<p><strong>11. ACCEPTANCE OF PRIVACY POLICY<\/strong><\/p>\n\n\n\n<p>By browsing the Site, you acknowledge that you have read and understood this Privacy Policy and agree to its terms, particularly with respect to the collection and processing of your personal information and the use of cookies.<\/p>\n\n\n\n<p><strong>12. LEGISLATION<\/strong><\/p>\n\n\n\n<p>We undertake to comply with the legislative provisions set out in :<\/p>\n\n\n\n<p>Act respecting the protection of personal information in the private sector, RLRQ c P-39.1; and\/or<\/p>\n\n\n\n<p>Personal Information Protection and Electronic Documents Act, LC 2000, c 5.<\/p>","protected":false},"excerpt":{"rendered":"<p>PRIVACY POLICY This policy applies to the site: partilaval.com Last update: February 7, 2024 Your privacy is of the utmost importance to Parti Laval, which is responsible for this site. The purpose of this privacy policy is to inform you: How we use your [...]<\/p>","protected":false},"author":2,"featured_media":0,"parent":0,"menu_order":0,"comment_status":"closed","ping_status":"closed","template":"","meta":{"_et_pb_use_builder":"off","_et_pb_old_content":"","_et_gb_content_width":"1080","footnotes":""},"class_list":["post-1127","page","type-page","status-publish","hentry"],"yoast_head":"<!-- This site is optimized with the Yoast SEO plugin v25.2 - https:\/\/yoast.com\/wordpress\/plugins\/seo\/ -->\n<title>Politique de confidentialit\u00e9 - Parti Laval<\/title>\n<meta name=\"robots\" content=\"index, follow, max-snippet:-1, max-image-preview:large, max-video-preview:-1\" \/>\n<link rel=\"canonical\" href=\"https:\/\/partilaval.com\/en\/politique-de-confidentialite\/\" \/>\n<meta property=\"og:locale\" content=\"en_US\" \/>\n<meta property=\"og:type\" content=\"article\" \/>\n<meta property=\"og:title\" content=\"Politique de confidentialit\u00e9 - Parti Laval\" \/>\n<meta property=\"og:description\" content=\"POLITIQUE DE CONFIDENTIALIT\u00c9 Cette politique s&rsquo;applique au site : partilaval.com Date de derni\u00e8re mise \u00e0 jour : 7 f\u00e9vrier 2024 Le respect de votre vie priv\u00e9e est de la plus haute importance pour Parti Laval, qui est responsable de ce site. La pr\u00e9sente politique de confidentialit\u00e9 a pour but de vous exposer: La mani\u00e8re dont [&hellip;]\" \/>\n<meta property=\"og:url\" content=\"https:\/\/partilaval.com\/en\/politique-de-confidentialite\/\" \/>\n<meta property=\"og:site_name\" content=\"Parti Laval\" \/>\n<meta property=\"article:modified_time\" content=\"2024-09-09T21:56:18+00:00\" \/>\n<meta name=\"twitter:card\" content=\"summary_large_image\" \/>\n<meta name=\"twitter:label1\" content=\"Est. reading time\" \/>\n\t<meta name=\"twitter:data1\" content=\"6 minutes\" \/>\n<script type=\"application\/ld+json\" class=\"yoast-schema-graph\">{\"@context\":\"https:\/\/schema.org\",\"@graph\":[{\"@type\":\"WebPage\",\"@id\":\"https:\/\/partilaval.com\/politique-de-confidentialite\/\",\"url\":\"https:\/\/partilaval.com\/politique-de-confidentialite\/\",\"name\":\"Politique de confidentialit\u00e9 - Parti Laval\",\"isPartOf\":{\"@id\":\"https:\/\/partilaval.com\/#website\"},\"datePublished\":\"2024-02-07T21:25:15+00:00\",\"dateModified\":\"2024-09-09T21:56:18+00:00\",\"breadcrumb\":{\"@id\":\"https:\/\/partilaval.com\/politique-de-confidentialite\/#breadcrumb\"},\"inLanguage\":\"en-CA\",\"potentialAction\":[{\"@type\":\"ReadAction\",\"target\":[\"https:\/\/partilaval.com\/politique-de-confidentialite\/\"]}]},{\"@type\":\"BreadcrumbList\",\"@id\":\"https:\/\/partilaval.com\/politique-de-confidentialite\/#breadcrumb\",\"itemListElement\":[{\"@type\":\"ListItem\",\"position\":1,\"name\":\"Accueil\",\"item\":\"https:\/\/partilaval.com\/\"},{\"@type\":\"ListItem\",\"position\":2,\"name\":\"Politique de confidentialit\u00e9\"}]},{\"@type\":\"WebSite\",\"@id\":\"https:\/\/partilaval.com\/#website\",\"url\":\"https:\/\/partilaval.com\/\",\"name\":\"Parti Laval\",\"description\":\"Construisons l&#039;avenir ensemble\",\"potentialAction\":[{\"@type\":\"SearchAction\",\"target\":{\"@type\":\"EntryPoint\",\"urlTemplate\":\"https:\/\/partilaval.com\/?s={search_term_string}\"},\"query-input\":{\"@type\":\"PropertyValueSpecification\",\"valueRequired\":true,\"valueName\":\"search_term_string\"}}],\"inLanguage\":\"en-CA\"}]}<\/script>\n<!-- \/ Yoast SEO plugin. -->","yoast_head_json":{"title":"Privacy policy - Parti Laval","robots":{"index":"index","follow":"follow","max-snippet":"max-snippet:-1","max-image-preview":"max-image-preview:large","max-video-preview":"max-video-preview:-1"},"canonical":"https:\/\/partilaval.com\/en\/politique-de-confidentialite\/","og_locale":"en_US","og_type":"article","og_title":"Politique de confidentialit\u00e9 - Parti Laval","og_description":"POLITIQUE DE CONFIDENTIALIT\u00c9 Cette politique s&rsquo;applique au site : partilaval.com Date de derni\u00e8re mise \u00e0 jour : 7 f\u00e9vrier 2024 Le respect de votre vie priv\u00e9e est de la plus haute importance pour Parti Laval, qui est responsable de ce site. La pr\u00e9sente politique de confidentialit\u00e9 a pour but de vous exposer: La mani\u00e8re dont [&hellip;]","og_url":"https:\/\/partilaval.com\/en\/politique-de-confidentialite\/","og_site_name":"Parti Laval","article_modified_time":"2024-09-09T21:56:18+00:00","twitter_card":"summary_large_image","twitter_misc":{"Est. reading time":"6 minutes"},"schema":{"@context":"https:\/\/schema.org","@graph":[{"@type":"WebPage","@id":"https:\/\/partilaval.com\/politique-de-confidentialite\/","url":"https:\/\/partilaval.com\/politique-de-confidentialite\/","name":"Privacy policy - Parti Laval","isPartOf":{"@id":"https:\/\/partilaval.com\/#website"},"datePublished":"2024-02-07T21:25:15+00:00","dateModified":"2024-09-09T21:56:18+00:00","breadcrumb":{"@id":"https:\/\/partilaval.com\/politique-de-confidentialite\/#breadcrumb"},"inLanguage":"en-CA","potentialAction":[{"@type":"ReadAction","target":["https:\/\/partilaval.com\/politique-de-confidentialite\/"]}]},{"@type":"BreadcrumbList","@id":"https:\/\/partilaval.com\/politique-de-confidentialite\/#breadcrumb","itemListElement":[{"@type":"ListItem","position":1,"name":"Accueil","item":"https:\/\/partilaval.com\/"},{"@type":"ListItem","position":2,"name":"Politique de confidentialit\u00e9"}]},{"@type":"WebSite","@id":"https:\/\/partilaval.com\/#website","url":"https:\/\/partilaval.com\/","name":"Laval Party","description":"Building the future together","potentialAction":[{"@type":"SearchAction","target":{"@type":"EntryPoint","urlTemplate":"https:\/\/partilaval.com\/?s={search_term_string}"},"query-input":{"@type":"PropertyValueSpecification","valueRequired":true,"valueName":"search_term_string"}}],"inLanguage":"en-CA"}]}},"_links":{"self":[{"href":"https:\/\/partilaval.com\/en\/wp-json\/wp\/v2\/pages\/1127","targetHints":{"allow":["GET"]}}],"collection":[{"href":"https:\/\/partilaval.com\/en\/wp-json\/wp\/v2\/pages"}],"about":[{"href":"https:\/\/partilaval.com\/en\/wp-json\/wp\/v2\/types\/page"}],"author":[{"embeddable":true,"href":"https:\/\/partilaval.com\/en\/wp-json\/wp\/v2\/users\/2"}],"replies":[{"embeddable":true,"href":"https:\/\/partilaval.com\/en\/wp-json\/wp\/v2\/comments?post=1127"}],"version-history":[{"count":2,"href":"https:\/\/partilaval.com\/en\/wp-json\/wp\/v2\/pages\/1127\/revisions"}],"predecessor-version":[{"id":1308,"href":"https:\/\/partilaval.com\/en\/wp-json\/wp\/v2\/pages\/1127\/revisions\/1308"}],"wp:attachment":[{"href":"https:\/\/partilaval.com\/en\/wp-json\/wp\/v2\/media?parent=1127"}],"curies":[{"name":"wp","href":"https:\/\/api.w.org\/{rel}","templated":true}]}}