{"id":1292,"date":"2024-09-09T18:07:16","date_gmt":"2024-09-09T18:07:16","guid":{"rendered":"https:\/\/partilaval.com\/?page_id=1292"},"modified":"2024-09-09T18:25:47","modified_gmt":"2024-09-09T18:25:47","slug":"politique-de-confidentialite-2","status":"publish","type":"page","link":"https:\/\/partilaval.com\/en\/politique-de-confidentialite-2\/","title":{"rendered":"Privacy policy"},"content":{"rendered":"<p>At Parti Laval, we take your privacy very seriously. That's why we're committed to maintaining the confidentiality of the personal information we collect. We do not use deceptive methods to obtain contact information. If you receive a communication from us, it means that you have provided us with your contact details via one of the means specified below.<\/p>\n\n\n\n<p><strong>1. PURPOSE OF THE CONFIDENTIALITY POLICY<\/strong><\/p>\n\n\n\n<p>The purpose of this Policy is to inform users about how and why Parti Laval, or anyone acting on its behalf, collects and uses their personal information. We have drafted this Policy in a clear manner to ensure that users provide informed consent. <\/p>\n\n\n\n<p><\/p>\n\n\n\n<p><strong>2. OBJECTIVES OF DATA COLLECTION<\/strong><\/p>\n\n\n\n<p>We may use your information to contact you. We collect this information for the following reasons:<\/p>\n\n\n\n<ul class=\"wp-block-list\">\n<li>To keep you up to date on issues and developments related to our organization's activities and news, municipal issues and issues related to content you've interacted with on our platforms;<\/li>\n\n\n\n<li>To carry out statistical analyses via the data processing mentioned below. <\/li>\n<\/ul>\n\n\n\n<p><strong>3. PERSONAL INFORMATION COLLECTED<\/strong><\/p>\n\n\n\n<p><em>3.1 Information collected<\/em><\/p>\n\n\n\n<p>Parti Laval may collect your personal information in a variety of ways, but only in a lawful manner and for the specified purposes communicated to you, as outlined in this policy, or as required by law.<\/p>\n\n\n\n<p>Here are the types of personal information we collect through our various platforms:<\/p>\n\n\n\n<ul class=\"wp-block-list\">\n<li><strong>Identification information<\/strong> This may include your first and last name, your e-mail address, your postal address, your telephone number and other similar information enabling us to contact or identify you;<\/li>\n\n\n\n<li><strong>Demographics<\/strong> We may collect information such as your age, gender, country and language preference.<\/li>\n<\/ul>\n\n\n\n<p><em>3.2 Data collection methods<\/em><\/p>\n\n\n\n<p>Parti Laval may collect your personal information in a variety of ways, including: membership and contribution forms, event registration forms, petitions, surveys, etc.<\/p>\n\n\n\n<p><\/p>\n\n\n\n<p><strong>4. RIGHT OF ACCESS AND RIGHT OF WITHDRAWAL<\/strong><\/p>\n\n\n\n<p>You can view, update, modify or request the deletion of your personal information by following the procedure set out below:<\/p>\n\n\n\n<p>The user must send an e-mail to the data controller, specifying the subject of the request and using the data controller's contact e-mail address provided on this page.<\/p>\n\n\n\n<p>Email address: contact@partilaval.com  <\/p>\n\n\n\n<p><strong>5. ACCEPTANCE OF THE PRIVACY POLICY<\/strong><\/p>\n\n\n\n<p>By providing your personal information, you agree to the terms of this Privacy Policy. We are committed to treating your data in accordance with established principles and to protecting your privacy. <\/p>\n\n\n\n<p><\/p>\n\n\n\n<p><strong><em>Other information<\/em><\/strong><\/p>\n\n\n\n<p><em>Changes to the Policy :<\/em><\/p>\n\n\n\n<p>We may update this Privacy Policy from time to time. Any reduction in your rights under this Policy will only be made with your express consent. We will always indicate the date of the latest changes. In the event of significant changes, we will post a clearly visible notice on our website.<\/p>\n\n\n\n<p><em>Person responsible for compliance with this policy:<\/em><\/p>\n\n\n\n<p>The person in charge of processing personal information is responsible for determining the purposes and means of processing personal information. This person can be contacted at any time at contact@partilaval.com. <\/p>\n\n\n\n<p><em>Last update: September 9, 2024<\/em><\/p>","protected":false},"excerpt":{"rendered":"<p>At Parti Laval, we take your privacy very seriously. That's why we're committed to maintaining the confidentiality of the personal information we collect. We do not use deceptive methods to obtain contact information. If you receive a communication from us, this means that [...]<\/p>","protected":false},"author":5,"featured_media":0,"parent":0,"menu_order":0,"comment_status":"closed","ping_status":"closed","template":"","meta":{"_et_pb_use_builder":"off","_et_pb_old_content":"","_et_gb_content_width":"1080","footnotes":""},"class_list":["post-1292","page","type-page","status-publish","hentry"],"yoast_head":"<!-- This site is optimized with the Yoast SEO plugin v25.2 - https:\/\/yoast.com\/wordpress\/plugins\/seo\/ -->\n<title>Politique de confidentialit\u00e9 - Parti Laval<\/title>\n<meta name=\"robots\" content=\"index, follow, max-snippet:-1, max-image-preview:large, max-video-preview:-1\" \/>\n<link rel=\"canonical\" href=\"https:\/\/partilaval.com\/en\/politique-de-confidentialite-2\/\" \/>\n<meta property=\"og:locale\" content=\"en_US\" \/>\n<meta property=\"og:type\" content=\"article\" \/>\n<meta property=\"og:title\" content=\"Politique de confidentialit\u00e9 - Parti Laval\" \/>\n<meta property=\"og:description\" content=\"Au Parti Laval, nous prenons tr\u00e8s au s\u00e9rieux la protection de votre vie priv\u00e9e. C&rsquo;est pourquoi nous nous engageons \u00e0 pr\u00e9server la confidentialit\u00e9 des informations personnelles que nous collectons. Nous ne recourons \u00e0 aucune m\u00e9thode trompeuse pour obtenir des donn\u00e9es permettant de vous contacter. Si vous recevez une communication de notre part, cela signifie que [&hellip;]\" \/>\n<meta property=\"og:url\" content=\"https:\/\/partilaval.com\/en\/politique-de-confidentialite-2\/\" \/>\n<meta property=\"og:site_name\" content=\"Parti Laval\" \/>\n<meta property=\"article:modified_time\" content=\"2024-09-09T18:25:47+00:00\" \/>\n<meta name=\"twitter:card\" content=\"summary_large_image\" \/>\n<meta name=\"twitter:label1\" content=\"Est. reading time\" \/>\n\t<meta name=\"twitter:data1\" content=\"3 minutes\" \/>\n<script type=\"application\/ld+json\" class=\"yoast-schema-graph\">{\"@context\":\"https:\/\/schema.org\",\"@graph\":[{\"@type\":\"WebPage\",\"@id\":\"https:\/\/partilaval.com\/politique-de-confidentialite-2\/\",\"url\":\"https:\/\/partilaval.com\/politique-de-confidentialite-2\/\",\"name\":\"Politique de confidentialit\u00e9 - Parti Laval\",\"isPartOf\":{\"@id\":\"https:\/\/partilaval.com\/#website\"},\"datePublished\":\"2024-09-09T18:07:16+00:00\",\"dateModified\":\"2024-09-09T18:25:47+00:00\",\"breadcrumb\":{\"@id\":\"https:\/\/partilaval.com\/politique-de-confidentialite-2\/#breadcrumb\"},\"inLanguage\":\"en-CA\",\"potentialAction\":[{\"@type\":\"ReadAction\",\"target\":[\"https:\/\/partilaval.com\/politique-de-confidentialite-2\/\"]}]},{\"@type\":\"BreadcrumbList\",\"@id\":\"https:\/\/partilaval.com\/politique-de-confidentialite-2\/#breadcrumb\",\"itemListElement\":[{\"@type\":\"ListItem\",\"position\":1,\"name\":\"Accueil\",\"item\":\"https:\/\/partilaval.com\/\"},{\"@type\":\"ListItem\",\"position\":2,\"name\":\"Politique de confidentialit\u00e9\"}]},{\"@type\":\"WebSite\",\"@id\":\"https:\/\/partilaval.com\/#website\",\"url\":\"https:\/\/partilaval.com\/\",\"name\":\"Parti Laval\",\"description\":\"Construisons l&#039;avenir ensemble\",\"potentialAction\":[{\"@type\":\"SearchAction\",\"target\":{\"@type\":\"EntryPoint\",\"urlTemplate\":\"https:\/\/partilaval.com\/?s={search_term_string}\"},\"query-input\":{\"@type\":\"PropertyValueSpecification\",\"valueRequired\":true,\"valueName\":\"search_term_string\"}}],\"inLanguage\":\"en-CA\"}]}<\/script>\n<!-- \/ Yoast SEO plugin. -->","yoast_head_json":{"title":"Privacy policy - Parti Laval","robots":{"index":"index","follow":"follow","max-snippet":"max-snippet:-1","max-image-preview":"max-image-preview:large","max-video-preview":"max-video-preview:-1"},"canonical":"https:\/\/partilaval.com\/en\/politique-de-confidentialite-2\/","og_locale":"en_US","og_type":"article","og_title":"Politique de confidentialit\u00e9 - Parti Laval","og_description":"Au Parti Laval, nous prenons tr\u00e8s au s\u00e9rieux la protection de votre vie priv\u00e9e. C&rsquo;est pourquoi nous nous engageons \u00e0 pr\u00e9server la confidentialit\u00e9 des informations personnelles que nous collectons. Nous ne recourons \u00e0 aucune m\u00e9thode trompeuse pour obtenir des donn\u00e9es permettant de vous contacter. Si vous recevez une communication de notre part, cela signifie que [&hellip;]","og_url":"https:\/\/partilaval.com\/en\/politique-de-confidentialite-2\/","og_site_name":"Parti Laval","article_modified_time":"2024-09-09T18:25:47+00:00","twitter_card":"summary_large_image","twitter_misc":{"Est. reading time":"3 minutes"},"schema":{"@context":"https:\/\/schema.org","@graph":[{"@type":"WebPage","@id":"https:\/\/partilaval.com\/politique-de-confidentialite-2\/","url":"https:\/\/partilaval.com\/politique-de-confidentialite-2\/","name":"Privacy policy - Parti Laval","isPartOf":{"@id":"https:\/\/partilaval.com\/#website"},"datePublished":"2024-09-09T18:07:16+00:00","dateModified":"2024-09-09T18:25:47+00:00","breadcrumb":{"@id":"https:\/\/partilaval.com\/politique-de-confidentialite-2\/#breadcrumb"},"inLanguage":"en-CA","potentialAction":[{"@type":"ReadAction","target":["https:\/\/partilaval.com\/politique-de-confidentialite-2\/"]}]},{"@type":"BreadcrumbList","@id":"https:\/\/partilaval.com\/politique-de-confidentialite-2\/#breadcrumb","itemListElement":[{"@type":"ListItem","position":1,"name":"Accueil","item":"https:\/\/partilaval.com\/"},{"@type":"ListItem","position":2,"name":"Politique de confidentialit\u00e9"}]},{"@type":"WebSite","@id":"https:\/\/partilaval.com\/#website","url":"https:\/\/partilaval.com\/","name":"Laval Party","description":"Building the future together","potentialAction":[{"@type":"SearchAction","target":{"@type":"EntryPoint","urlTemplate":"https:\/\/partilaval.com\/?s={search_term_string}"},"query-input":{"@type":"PropertyValueSpecification","valueRequired":true,"valueName":"search_term_string"}}],"inLanguage":"en-CA"}]}},"_links":{"self":[{"href":"https:\/\/partilaval.com\/en\/wp-json\/wp\/v2\/pages\/1292","targetHints":{"allow":["GET"]}}],"collection":[{"href":"https:\/\/partilaval.com\/en\/wp-json\/wp\/v2\/pages"}],"about":[{"href":"https:\/\/partilaval.com\/en\/wp-json\/wp\/v2\/types\/page"}],"author":[{"embeddable":true,"href":"https:\/\/partilaval.com\/en\/wp-json\/wp\/v2\/users\/5"}],"replies":[{"embeddable":true,"href":"https:\/\/partilaval.com\/en\/wp-json\/wp\/v2\/comments?post=1292"}],"version-history":[{"count":12,"href":"https:\/\/partilaval.com\/en\/wp-json\/wp\/v2\/pages\/1292\/revisions"}],"predecessor-version":[{"id":1306,"href":"https:\/\/partilaval.com\/en\/wp-json\/wp\/v2\/pages\/1292\/revisions\/1306"}],"wp:attachment":[{"href":"https:\/\/partilaval.com\/en\/wp-json\/wp\/v2\/media?parent=1292"}],"curies":[{"name":"wp","href":"https:\/\/api.w.org\/{rel}","templated":true}]}}