{"id":27,"date":"2023-11-30T17:42:22","date_gmt":"2023-11-30T17:42:22","guid":{"rendered":"https:\/\/partilaval.com\/?page_id=27"},"modified":"2024-02-15T15:34:49","modified_gmt":"2024-02-15T15:34:49","slug":"nouvelles","status":"publish","type":"page","link":"https:\/\/partilaval.com\/en\/nouvelles\/","title":{"rendered":"News"},"content":{"rendered":"<p>[et_pb_section fb_built=\"1\u2033 custom_padding_last_edited=\"on|phone \" next_background_color=\"#FFFFFF \" _builder_version=\"4.23.4\u2033 _module_preset=\"default \" background_color=\"#F7F7F7\u2033 background_enable_video_mp4=\"off \" custom_padding=\"5%||5%||false|false \" custom_padding_tablet=\"12%||12%||true|false \" custom_padding_phone=\"12%||15%|false|false \" bottom_divider_style=\"curve \" bottom_divider_height=\"43px \" bottom_divider_height_tablet=\"52px \" bottom_divider_height_phone=\"65px \" bottom_divider_height_last_edited=\"off|tablet \" locked=\"off \" global_colors_info=\"{}\"][et_pb_row _builder_version=\"4.22.0\u2033 _module_preset=\"default \" global_colors_info=\"{} \"][et_pb_column type=\"4_4\u2033 _builder_version=\"4.22.0\u2033 _module_preset=\"default \" global_colors_info=\"{} \"][et_pb_divider color=\"#c3c5c9\u2033 divider_weight=\"2px \" disabled_on=\"on|off|off \" _builder_version=\"4.23.1\u2033 _module_preset=\"default \" background_enable_color=\"off \" width=\"6% \" max_width=\"6% \" custom_margin=\"||-8px||false|false \" custom_margin_tablet=\"||-8px||false|false \" custom_margin_phone=\"15px||-8px||false|false \" custom_margin_last_edited=\"on|phone \" locked=\"off \" global_colors_info=\"{} \"][\/et_pb_divider][et_pb_text _builder_version=\"4.23.4\u2033 _module_preset=\"_initial \" header_font=\"|600||||||| \" header_text_color=\"#33383f \" header_font_size=\"52px \" header_letter_spacing=\"-1px \" header_line_height=\"1.2em \" header_font_size_tablet=\"52px \" header_font_size_phone=\"36px \" header_font_size_last_edited=\"on|phone \" global_colors_info=\"{} \"]<\/p>\n<h1>Explore the latest news<\/h1>\n<p>[\/et_pb_text][\/et_pb_column][\/et_pb_row][\/et_pb_section][et_pb_section fb_built=\"1\u2033 custom_padding_last_edited=\"on|phone \" admin_label=\"Blog \" _builder_version=\"4.23.2\u2033 _module_preset=\"default \" background_color=\"#FFFFFF \" custom_padding=\"||15%||false|false \" custom_padding_tablet= \"||15%||false|false \" custom_padding_phone=\"||15%||false|false \" collapsed=\"on \" global_colors_info=\"{} \"][et_pb_row _builder_version=\"4.22.0\u2033 _module_preset=\"default \" global_colors_info=\"{} \"][et_pb_column type=\"4_4\u2033 _builder_version=\"4.22.0\u2033 _module_preset=\"default \" global_colors_info=\"{} \"][et_pb_blog fullwidth=\"off \" posts_number=\"9\u2033 excerpt_length=\"125\u2033 show_more=\"on \" show_author=\"off \" show_date=\"off \" show_categories=\"off \" masonry_tile_background_color=\"RGBA(255,255,255,0) \" module_class=\"et-custom-read-more-text \" _builder_version=\"4.23.4\u2033 _module_preset=\"_initial \" header_font=\"|600||||||| \" header_font_size=\"20px \" header_line_height=\"1.4em \" body_line_height=\"1.8em \" meta_font= \"Poppins|700||on||||| \" meta_font_size= \"12px \" meta_letter_spacing= \"1px \" read_more_font= \"|800||on||||| \" read_more_text_color= \"#4FAAED \" read_more_font_size=\"15px \" read_more_line_height=\"3em \" pagination_font=\"|700||on||||| \" pagination_text_color=\"#191919\u2033 pagination_letter_spacing=\"1px \" header_font_size_tablet=\"18px \" header_font_size_phone=\"17px \" header_font_size_last_edited=\"on|phone \" border_radii=\"on|20px|20px|20px|20px \" border_width_all=\"0px \" box_shadow_style=\"preset1\u2033 box_shadow_blur=\"26px \" box_shadow_color=\"rgba(121,123,127,0.16) \" locked=\"off \" global_colors_info=\"{} \"][\/et_pb_blog][et_pb_code _builder_version=\"4.24.0\u2033 _module_preset=\"default \" background_color=\"#E6F3FC \" text_orientation=\"center \" width=\"18% \" width_tablet=\"18% \" width_phone=\"18% \" width_last_edited=\"on|phone \" module_alignment=\"center \" custom_padding=\"11px|18px|11px|18px|true|true \" hover_enabled=\"0\u2033 border_radii=\"on|298px|298px|298px|298px \" global_colors_info=\"{} \" sticky_enabled=\"0\u2033]<a href=\"https:\/\/partilaval.com\/en\/feed\/\" download=\"flux_partilaval_rss.xml\">Download RSS feed<\/a>[\/et_pb_code][et_pb_code _builder_version=\"4.23.2\u2033 _module_preset=\"default \" global_colors_info=\"{} \"]<script><!-- [et_pb_line_break_holder] -->(function ($) {<!-- [et_pb_line_break_holder] -->  $(document).on(\"ready ajaxComplete\", function () {<!-- [et_pb_line_break_holder] -->    $(\".et-custom-read-more-text .et_pb_post a.more-link\").html(\"Lire plus\");<!-- [et_pb_line_break_holder] -->  });<!-- [et_pb_line_break_holder] -->})(jQuery);<!-- [et_pb_line_break_holder] --><\/script>[\/et_pb_code][\/et_pb_column][\/et_pb_row][\/et_pb_section][et_pb_section fb_built=\"1\u2033 _builder_version=\"4.23.2\u2033 _module_preset=\"default \" background_enable_color=\"off \" positioning=\"none \" vertical_offset=\"-61px \" vertical_offset_tablet=\"0px \" vertical_offset_phone=\"0px \" vertical_offset_last_edited=\"on|phone \" custom_margin=\"0px||||false|false \" custom_padding= \"0px||||false|false \" border_width_bottom=\"1px \" border_color_bottom=\"#e2e2e2\u2033 locked=\"off \" global_colors_info=\"{} \"][et_pb_row column_structure=\"1_4,1_4,1_4,1_4\u2033 _builder_version=\"4.23.2\u2033 _module_preset=\"default \" width=\"65% \" max_width=\"65% \" custom_margin=\"||65px||false|false \" custom_margin_tablet=\"||30px||false|false \" custom_margin_phone= \"||4px||false|false \" custom_margin_last_edited=\"on|phone \" global_module=\"807\u2033 saved_tabs=\"all \" global_colors_info=\"{} \"][et_pb_column type=\"1_4\u2033 _builder_version=\"4.23.1\u2033 _module_preset=\"default \" global_colors_info=\"{} \"][et_pb_image src= \"https:\/\/partilaval.com\/wp-content\/uploads\/2023\/11\/Logo_Parti-Laval-1-e1702928804340.png \" title_text=\"Logo_Parti Laval \" show_bottom_space=\"off \" _builder_version=\"4.23.4\u2033 _module_preset=\"default \" width=\"75% \" width_tablet=\"72% \" width_phone=\"64% \" width_last_edited=\"on|phone \" max_width=\"75% \" max_width_tablet=\"72% \" max_width_phone= \"68% \" max_width_last_edited= \"on|phone \" module_alignment= \"left \" custom_margin= \"||18px||false|false \" custom_margin_tablet= \" \" custom_margin_phone= \"||-6px||false|false \" custom_margin_last_edited=\"on|phone \" module_alignment_tablet=\"left \" module_alignment_phone=\"left \" module_alignment_last_edited=\"on|desktop \" global_colors_info=\"{} \"][\/et_pb_image][\/et_pb_column][et_pb_column type=\"1_4\u2033 _builder_version=\"4.23.1\u2033 _module_preset=\"default \" global_colors_info=\"{} \"][et_pb_text _builder_version=\"4.23.2\u2033 _dynamic_attributes=\"link_option_url \" _module_preset=\"default \" header_3_text_color=\"#33383F \" header_3_font_size=\"17px \" header_3_line_height=\"1.4em \" custom_margin=\"||1px||false|false \" custom_padding=\"||0px||false|false \" link_option_url=\"@ET-DC@eyJkeW5hbWljIjp0cnVlLCJjb250ZW50IjoicG9zdF9saW5rX3VybF9wYWdlIiwic2V0dGluZ3MiOnsicG9zdF9pZCI6IjIzIn19@ \" header_3_font_size_tablet=\"17px \" header_3_font_size_phone=\"17px \" header_3_font_size_last_edited=\"on|phone \" global_colors_info=\"{} \" border_width_bottom__hover_enabled=\"off|hover \" border_width_bottom__hover=\"1px \" header_3_text_color__hover_enabled=\"on|desktop \" header_3_text_color__hover=\"#4FAAED \"]<\/p>\n<h3>About<\/h3>\n<p>[\/et_pb_text][et_pb_text _builder_version=\"4.23.4\u2033 _dynamic_attributes=\"link_option_url \" _module_preset=\"default \" header_3_text_color=\"#33383F \" header_3_font_size=\"17px \" header_3_line_height=\"1.4em \" custom_margin=\"||1px||false|false \" custom_padding=\"||0px||false|false \" link_option_url=\"@ET-DC@eyJkeW5hbWljIjp0cnVlLCJjb250ZW50IjoicG9zdF9saW5rX3VybF9wYWdlIiwic2V0dGluZ3MiOnsicG9zdF9pZCI6IjI1In19@ \" header_3_font_size_tablet=\"17px \" header_3_font_size_phone=\"17px \" header_3_font_size_last_edited=\"on|phone \" global_colors_info=\"{} \" border_width_bottom__hover_enabled=\"off|hover \" border_width_bottom__hover=\"1px \" header_3_text_color__hover_enabled=\"on|hover \" header_3_text_color__hover=\"#77BF21\u2033]<\/p>\n<h3>Our priorities<\/h3>\n<p>[\/et_pb_text][et_pb_text _builder_version=\"4.23.2\u2033 _dynamic_attributes=\"link_option_url \" _module_preset=\"default \" header_3_text_color=\"#33383F \" header_3_font_size=\"17px \" header_3_line_height=\"1.4em \" custom_margin=\"||1px||false|false \" custom_padding=\"||0px||false|false \" link_option_url=\"@ET-DC@eyJkeW5hbWljIjp0cnVlLCJjb250ZW50IjoicG9zdF9saW5rX3VybF9wYWdlIiwic2V0dGluZ3MiOnsicG9zdF9pZCI6IjI3In19@ \" header_3_font_size_tablet=\"17px \" header_3_font_size_phone=\"17px \" header_3_font_size_last_edited=\"on|phone \" global_colors_info=\"{} \" border_width_bottom__hover_enabled=\"off|hover \" border_width_bottom__hover=\"1px \" header_3_text_color__hover_enabled=\"on|desktop \" header_3_text_color__hover=\"#4FAAED \"]<\/p>\n<h3>News<\/h3>\n<p>[\/et_pb_text][et_pb_text _builder_version=\"4.23.2\u2033 _dynamic_attributes=\"link_option_url \" _module_preset=\"default \" header_3_text_color=\"#33383F \" header_3_font_size=\"17px \" header_3_line_height=\"1.4em \" custom_margin=\"||1px||false|false \" custom_padding=\"||0px||false|false \" link_option_url=\"@ET-DC@eyJkeW5hbWljIjp0cnVlLCJjb250ZW50IjoicG9zdF9saW5rX3VybF9wYWdlIiwic2V0dGluZ3MiOnsicG9zdF9pZCI6IjI5In19@ \" header_3_font_size_tablet=\"17px \" header_3_font_size_phone=\"17px \" header_3_font_size_last_edited=\"on|phone \" global_colors_info=\"{} \" border_width_bottom__hover_enabled=\"off|hover \" border_width_bottom__hover=\"1px \" header_3_text_color__hover_enabled=\"on|hover \" header_3_text_color__hover=\"#77BF21\u2033]<\/p>\n<h3>Contact us<\/h3>\n<p>[\/et_pb_text][\/et_pb_column][et_pb_column type=\"1_4\u2033 _builder_version=\"4.23.1\u2033 _module_preset=\"default \" global_colors_info=\"{} \"][et_pb_text _builder_version=\"4.23.4\u2033 _module_preset=\"default \" header_3_text_color=\"#33383F \" header_3_font_size=\"17px \" header_3_line_height=\"1.4em \" custom_margin=\"||-5px||false|false \" custom_padding=\"||0px||false|false \" link_option_url=\"https:\/\/monelection.org\/form\/member\/mLQZrfSW474EPFPbo37addI9T2Jkh1\u2033 header_3_font_size_tablet=\"17px \" header_3_font_size_phone=\"17px \" header_3_font_size_last_edited=\"on|phone \" global_colors_info= \"{} \" border_width_bottom__hover_enabled=\"off|hover \" border_width_bottom__hover=\"1px \" header_3_text_color__hover_enabled=\"on|desktop \" header_3_text_color__hover=\"#4FAAED \"]<\/p>\n<h3>Join us<\/h3>\n<p>[\/et_pb_text][et_pb_text _builder_version=\"4.23.4\u2033 _dynamic_attributes=\"link_option_url \" _module_preset=\"default \" text_text_color=\"rgba(83,95,119,0.79) \" text_font_size=\"16px \" text_line_height=\"1.4em \" custom_margin=\"||16px||false|false \" custom_margin_tablet=\"||20px||false|false \" custom_margin_phone=\"||25px||false|false \" custom_margin_last_edited=\"on|phone \" custom_padding=\"||0px||false|false \" link_option_url=\"@ET-DC@eyJkeW5hbWljIjp0cnVlLCJjb250ZW50IjoicG9zdF9saW5rX3VybF9wYWdlIiwic2V0dGluZ3MiOnsicG9zdF9pZCI6IjMxIn19@ \" text_font_size_tablet= \" \" text_font_size_phone= \"17px \" text_font_size_last_edited=\"on|phone\" global_colors_info=\"{}\" text_text_color__hover_enabled=\"on|hover\" text_text_color__hover=\"#33383F\"]<\/p>\n<p>Why become a member?<\/p>\n<p>[\/et_pb_text][et_pb_text _builder_version=\"4.23.2\u2033 _module_preset=\"default \" text_text_color=\"rgba(83,95,119,0.5) \" header_3_text_color=\"#33383F \" header_3_font_size=\"17px \" header_3_line_height=\"1.4em \" custom_margin=\"||-5px||false|false \" custom_padding=\"||0px||false|false \" link_option_url=\"https:\/\/monelection.org\/form\/donation\/bOe4QBtwtc3JYoQgDk3dCwdlLmFY9O \" header_3_font_size_tablet=\"17px \" header_3_font_size_phone=\"17px \" header_3_font_size_last_edited=\"on|phone \" global_colors_info=\"{} \" border_width_bottom__hover_enabled= \"off|hover \" border_width_bottom__hover=\"1px \" header_3_text_color__hover_enabled=\"on|hover \" header_3_text_color__hover=\"#77BF21\u2033 text_text_color__hover=\"#33383F \" text_text_color__hover_enabled=\"on|hover \"]<\/p>\n<h3>Donate<\/h3>\n<p>[\/et_pb_text][et_pb_text _builder_version=\"4.23.2\u2033 _dynamic_attributes=\"link_option_url \" _module_preset=\"default \" text_text_color=\"rgba(83,95,119,0.79) \" text_font_size=\"16px \" text_line_height=\"1.4em \" custom_margin=\"||16px||false|false \" custom_margin_tablet=\"||20px||false|false \" custom_margin_phone=\"||25px||false|false \" custom_margin_last_edited=\"on|phone \" custom_padding=\"||0px||false|false \" link_option_url=\"@ET-DC@eyJkeW5hbWljIjp0cnVlLCJjb250ZW50IjoicG9zdF9saW5rX3VybF9wYWdlIiwic2V0dGluZ3MiOnsicG9zdF9pZCI6IjMzIn19@ \" text_font_size_tablet= \" \" text_font_size_phone= \"17px \" text_font_size_last_edited=\"on|phone\" global_colors_info=\"{}\" text_text_color__hover_enabled=\"on|hover\" text_text_color__hover=\"#33383F\"]<\/p>\n<p>Why make a donation?<\/p>\n<p>[\/et_pb_text][et_pb_text _builder_version=\"4.23.2\u2033 _module_preset=\"default \" text_text_color=\"rgba(83,95,119,0.5) \" header_3_text_color=\"#33383F \" header_3_font_size=\"17px \" header_3_line_height=\"1.4em \" custom_margin=\"||-5px||false|false \" custom_padding= \"||0px||false|false \" header_3_text_color_tablet= \"#33383F \" header_3_text_color_phone= \"#33383F \" header_3_text_color_last_edited=\"on|phone \" header_3_font_size_tablet=\"17px \" header_3_font_size_phone=\"17px \" header_3_font_size_last_edited=\"on|phone \" global_colors_info=\"{} \" border_width_bottom__hover_enabled=\"off|hover \" border_width_bottom__hover=\"1px \" header_3_text_color__hover_enabled= \"on|desktop \" header_3_text_color__hover=\"#4FAAED \" text_text_color__hover=\"#33383F \" text_text_color__hover_enabled=\"on|hover \"]<\/p>\n<h3>Being a volunteer<\/h3>\n<p>[\/et_pb_text][et_pb_text _builder_version=\"4.23.4\u2033 _dynamic_attributes=\"link_option_url \" _module_preset=\"default \" text_text_color=\"rgba(83,95,119,0.79) \" text_font_size=\"16px \" text_line_height=\"1.4em \" custom_margin=\"||16px||false|false \" custom_margin_tablet=\"||20px||false|false \" custom_margin_phone=\"||25px||false|false \" custom_margin_last_edited=\"on|phone \" custom_padding=\"||0px||false|false \" link_option_url=\"@ET-DC@eyJkeW5hbWljIjp0cnVlLCJjb250ZW50IjoicG9zdF9saW5rX3VybF9wYWdlIiwic2V0dGluZ3MiOnsicG9zdF9pZCI6IjM5NyJ9fQ==@ \" text_font_size_tablet= \" \" text_font_size_phone= \"17px \" text_font_size_last_edited=\"on|phone \" global_colors_info=\"{} \" text_text_color__hover_enabled=\"on|hover \" text_text_color__hover=\"#33383F \"]<\/p>\n<p>Why volunteer?<\/p>\n<p>[\/et_pb_text][\/et_pb_column][et_pb_column type=\"1_4\u2033 _builder_version=\"4.23.1\u2033 _module_preset=\"default \" global_colors_info=\"{} \"][et_pb_text _builder_version=\"4.23.1\u2033 _module_preset=\"default \" text_text_color=\"rgba(83,95,119,0.5) \" header_3_text_color=\"#33383F \" header_3_font_size=\"17px \" header_3_line_height=\"1.4em \" custom_margin=\"||-4px||false|false \" custom_padding=\"||0px||false|false \" header_3_font_size_tablet=\"17px \" header_3_font_size_phone=\"17px \" header_3_font_size_last_edited=\"on|phone \" global_colors_info=\"{} \" border_width_bottom__hover_enabled= \"off|hover \" border_width_bottom__hover=\"1px \" header_3_text_color__hover_enabled=\"on|hover \" header_3_text_color__hover=\"#4FAAED \" text_text_color__hover=\"#33383F \" text_text_color__hover_enabled=\"on|hover \"]<\/p>\n<h3>E-mail<\/h3>\n<p>[\/et_pb_text][et_pb_text _builder_version=\"4.23.4\u2033 _module_preset=\"default \" text_text_color=\"rgba(83,95,119,0.79) \" text_font_size=\"16px \" text_line_height=\"1.4em \" custom_margin=\"||16px||false|false \" custom_margin_tablet=\"||20px||false|false \" custom_margin_phone=\"||-10px||false|false \" custom_margin_last_edited= \"on|phone \" custom_padding= \"||0px||false|false \" link_option_url= \"mailto:contact@partilaval.com \" text_font_size_tablet= \" \" text_font_size_phone=\"17px \" text_font_size_last_edited=\"on|phone \" global_colors_info=\"{} \" text_text_color__hover_enabled=\"on|hover \" text_text_color__hover=\"#33383F \"]<\/p>\n<p>contact@partilaval.com<\/p>\n<p>[\/et_pb_text][et_pb_button button_url=\"https:\/\/monelection.org\/form\/sign\/OA8kqp4NqDGCUPLjAd44nkoPJuE0aN \" url_new_window=\"on \" button_text=\"Subscribe to newsletter \" _builder_version=\"4.24.0\u2033 _module_preset=\"default \" custom_button=\"on \" button_text_size=\"14px \" button_text_color=\"#FFFFFF \" button_bg_color=\"rgba(51,56,63,0.82) \" button_border_color=\"#F7F7F7\u2033 button_font=\"|||||||| \" button_icon=\"$||divi||400\u2033 custom_margin=\"25px||29px||false|false \" custom_margin_last_edited=\"off|desktop \" button_text_size_tablet= \"15px \" button_text_size_phone=\"15px \" button_text_size_last_edited=\"on|phone \" global_colors_info=\"{} \" button_bg_color__hover_enabled=\"off|hover \" button_bg_color__hover=\"rgba(234,245,221,0.48)\" button_bg_enable_color__hover=\"on\" width_last_edited=\"on|phone\" width_tablet=\"62%\" width_phone=\"62%\"][\/et_pb_button][et_pb_social_media_follow _builder_version=\"4.23.2\u2033 _module_preset=\"default \" custom_margin_tablet=\"34px||||false|false \" custom_margin_phone=\"34px||||false|false \" custom_margin_last_edited=\"on|phone \" border_radii= \"on|619px|619px|619px|619px \" global_colors_info=\"{} \" custom_margin__hover_enabled=\"off|desktop \"][et_pb_social_media_follow_network social_network=\"facebook \" url=\"https:\/\/www.facebook.com\/partilavalofficiel\/?locale=en_CA \" _builder_version=\"4.23.2\u2033 _module_preset=\"default \" background_color=\"#3b5998\u2033 global_colors_info=\"{}\" follow_button=\"off \" url_new_window=\"on\"]facebook[\/et_pb_social_media_follow_network][et_pb_social_media_follow_network social_network=\"twitter \" url=\"https:\/\/x.com\/Le_PartiLaval?s=20\u2033 _builder_version=\"4.23.2\u2033 _module_preset=\"default \" background_color=\"#000000\u2033 global_colors_info=\"{} \" follow_button=\"off \" url_new_window=\"on\"]X[\/et_pb_social_media_follow_network][\/et_pb_social_media_follow][dsm_button _builder_version=\"4.23.1\u2033 _module_preset=\"default \" global_colors_info=\"{} \"][\/dsm_button][\/et_pb_column][\/et_pb_row][\/et_pb_section]<\/p>","protected":false},"excerpt":{"rendered":"<p>Explore the latest newsAbout usOur commitmentsNewsContact usBecome a memberWhy become a member?Make a donationWhy make a donation?VolunteerWhy volunteer b\u00e9n\u00e9vole?Courrielcontact@partilaval.com<div class=\"et_pb_module dsm_button dsm_button_0 et_pb_bg_layout_light\">\n\t\t\t\t\n\t\t\t\t\n\t\t\t\t\n\t\t\t\t\n\t\t\t\t\n\t\t\t\t\n\t\t\t\t<div class=\"et_pb_module_inner\">\n\t\t\t\t\t<div class=\"et_pb_button_module_wrappers dsm_button_0_wrapper  et_pb_module\">\n\t\t\t\t\n\t\t\t<\/div>\n\t\t\t\t<\/div>\n\t\t\t<\/div><\/p>","protected":false},"author":1,"featured_media":0,"parent":0,"menu_order":0,"comment_status":"closed","ping_status":"closed","template":"","meta":{"_et_pb_use_builder":"on","_et_pb_old_content":"<!-- wp:divi\/placeholder \/-->","_et_gb_content_width":"","footnotes":""},"class_list":["post-27","page","type-page","status-publish","hentry"],"yoast_head":"<!-- This site is optimized with the Yoast SEO plugin v25.2 - https:\/\/yoast.com\/wordpress\/plugins\/seo\/ -->\n<title>Nouvelles - Parti Laval<\/title>\n<meta name=\"robots\" content=\"index, follow, max-snippet:-1, max-image-preview:large, max-video-preview:-1\" \/>\n<link rel=\"canonical\" href=\"https:\/\/partilaval.com\/en\/nouvelles\/\" \/>\n<meta property=\"og:locale\" content=\"en_US\" \/>\n<meta property=\"og:type\" content=\"article\" \/>\n<meta property=\"og:title\" content=\"Nouvelles - Parti Laval\" \/>\n<meta property=\"og:description\" content=\"Explorez les derni\u00e8res nouvelles\u00c0 proposNos engagementsNouvellesContactez-nousDevenir membrePourquoi devenir membre?Faire un donPourquoi faire un don?\u00catre b\u00e9n\u00e9volePourquoi \u00eatre b\u00e9n\u00e9vole?Courrielcontact@partilaval.com\" \/>\n<meta property=\"og:url\" content=\"https:\/\/partilaval.com\/en\/nouvelles\/\" \/>\n<meta property=\"og:site_name\" content=\"Parti Laval\" \/>\n<meta property=\"article:modified_time\" content=\"2024-02-15T15:34:49+00:00\" \/>\n<meta name=\"twitter:card\" content=\"summary_large_image\" \/>\n<meta name=\"twitter:label1\" content=\"Est. reading time\" \/>\n\t<meta name=\"twitter:data1\" content=\"11 minutes\" \/>\n<script type=\"application\/ld+json\" class=\"yoast-schema-graph\">{\"@context\":\"https:\/\/schema.org\",\"@graph\":[{\"@type\":\"WebPage\",\"@id\":\"https:\/\/partilaval.com\/nouvelles\/\",\"url\":\"https:\/\/partilaval.com\/nouvelles\/\",\"name\":\"Nouvelles - Parti Laval\",\"isPartOf\":{\"@id\":\"https:\/\/partilaval.com\/#website\"},\"datePublished\":\"2023-11-30T17:42:22+00:00\",\"dateModified\":\"2024-02-15T15:34:49+00:00\",\"breadcrumb\":{\"@id\":\"https:\/\/partilaval.com\/nouvelles\/#breadcrumb\"},\"inLanguage\":\"en-CA\",\"potentialAction\":[{\"@type\":\"ReadAction\",\"target\":[\"https:\/\/partilaval.com\/nouvelles\/\"]}]},{\"@type\":\"BreadcrumbList\",\"@id\":\"https:\/\/partilaval.com\/nouvelles\/#breadcrumb\",\"itemListElement\":[{\"@type\":\"ListItem\",\"position\":1,\"name\":\"Accueil\",\"item\":\"https:\/\/partilaval.com\/\"},{\"@type\":\"ListItem\",\"position\":2,\"name\":\"Nouvelles\"}]},{\"@type\":\"WebSite\",\"@id\":\"https:\/\/partilaval.com\/#website\",\"url\":\"https:\/\/partilaval.com\/\",\"name\":\"Parti Laval\",\"description\":\"Construisons l&#039;avenir ensemble\",\"potentialAction\":[{\"@type\":\"SearchAction\",\"target\":{\"@type\":\"EntryPoint\",\"urlTemplate\":\"https:\/\/partilaval.com\/?s={search_term_string}\"},\"query-input\":{\"@type\":\"PropertyValueSpecification\",\"valueRequired\":true,\"valueName\":\"search_term_string\"}}],\"inLanguage\":\"en-CA\"}]}<\/script>\n<!-- \/ Yoast SEO plugin. -->","yoast_head_json":{"title":"News - Parti Laval","robots":{"index":"index","follow":"follow","max-snippet":"max-snippet:-1","max-image-preview":"max-image-preview:large","max-video-preview":"max-video-preview:-1"},"canonical":"https:\/\/partilaval.com\/en\/nouvelles\/","og_locale":"en_US","og_type":"article","og_title":"Nouvelles - Parti Laval","og_description":"Explorez les derni\u00e8res nouvelles\u00c0 proposNos engagementsNouvellesContactez-nousDevenir membrePourquoi devenir membre?Faire un donPourquoi faire un don?\u00catre b\u00e9n\u00e9volePourquoi \u00eatre b\u00e9n\u00e9vole?Courrielcontact@partilaval.com","og_url":"https:\/\/partilaval.com\/en\/nouvelles\/","og_site_name":"Parti Laval","article_modified_time":"2024-02-15T15:34:49+00:00","twitter_card":"summary_large_image","twitter_misc":{"Est. reading time":"11 minutes"},"schema":{"@context":"https:\/\/schema.org","@graph":[{"@type":"WebPage","@id":"https:\/\/partilaval.com\/nouvelles\/","url":"https:\/\/partilaval.com\/nouvelles\/","name":"News - Parti Laval","isPartOf":{"@id":"https:\/\/partilaval.com\/#website"},"datePublished":"2023-11-30T17:42:22+00:00","dateModified":"2024-02-15T15:34:49+00:00","breadcrumb":{"@id":"https:\/\/partilaval.com\/nouvelles\/#breadcrumb"},"inLanguage":"en-CA","potentialAction":[{"@type":"ReadAction","target":["https:\/\/partilaval.com\/nouvelles\/"]}]},{"@type":"BreadcrumbList","@id":"https:\/\/partilaval.com\/nouvelles\/#breadcrumb","itemListElement":[{"@type":"ListItem","position":1,"name":"Accueil","item":"https:\/\/partilaval.com\/"},{"@type":"ListItem","position":2,"name":"Nouvelles"}]},{"@type":"WebSite","@id":"https:\/\/partilaval.com\/#website","url":"https:\/\/partilaval.com\/","name":"Laval Party","description":"Building the future together","potentialAction":[{"@type":"SearchAction","target":{"@type":"EntryPoint","urlTemplate":"https:\/\/partilaval.com\/?s={search_term_string}"},"query-input":{"@type":"PropertyValueSpecification","valueRequired":true,"valueName":"search_term_string"}}],"inLanguage":"en-CA"}]}},"_links":{"self":[{"href":"https:\/\/partilaval.com\/en\/wp-json\/wp\/v2\/pages\/27","targetHints":{"allow":["GET"]}}],"collection":[{"href":"https:\/\/partilaval.com\/en\/wp-json\/wp\/v2\/pages"}],"about":[{"href":"https:\/\/partilaval.com\/en\/wp-json\/wp\/v2\/types\/page"}],"author":[{"embeddable":true,"href":"https:\/\/partilaval.com\/en\/wp-json\/wp\/v2\/users\/1"}],"replies":[{"embeddable":true,"href":"https:\/\/partilaval.com\/en\/wp-json\/wp\/v2\/comments?post=27"}],"version-history":[{"count":23,"href":"https:\/\/partilaval.com\/en\/wp-json\/wp\/v2\/pages\/27\/revisions"}],"predecessor-version":[{"id":1136,"href":"https:\/\/partilaval.com\/en\/wp-json\/wp\/v2\/pages\/27\/revisions\/1136"}],"wp:attachment":[{"href":"https:\/\/partilaval.com\/en\/wp-json\/wp\/v2\/media?parent=27"}],"curies":[{"name":"wp","href":"https:\/\/api.w.org\/{rel}","templated":true}]}}