{"id":33,"date":"2023-11-30T17:43:21","date_gmt":"2023-11-30T17:43:21","guid":{"rendered":"https:\/\/partilaval.com\/?page_id=33"},"modified":"2025-02-26T14:55:30","modified_gmt":"2025-02-26T14:55:30","slug":"faire-un-don","status":"publish","type":"page","link":"https:\/\/partilaval.com\/en\/faire-un-don\/","title":{"rendered":"Why make a donation?"},"content":{"rendered":"<p>[et_pb_section fb_built=\"1\u2033 custom_padding_last_edited=\"on|phone \" next_background_color=\"#FFFFFF \" admin_label=\"Header \" _builder_version=\"4.23.4\u2033 _module_preset=\"default \" background_color=\"#EAF5DD \" background_enable_image=\"off \" custom_padding=\"||10%||false|false \" custom_padding_tablet=\"||13%||false|false \" custom_padding_phone=\"||13%||false|false \" bottom_divider_style=\"curve \" bottom_divider_height=\"60px \" collapsed=\"on \" global_colors_info=\"{}\"][et_pb_row column_structure=\"1_2,1_2\u2033 _builder_version=\"4.23.2\u2033 _module_preset=\"default \" global_colors_info=\"{} \"][et_pb_column type=\"1_2\u2033 _builder_version=\"4.23.2\u2033 _module_preset=\"default \" custom_padding=\"50px||||false|false \" custom_padding_tablet=\"0vw||||false|false \" custom_padding_phone=\"0vw||||false|false \" custom_padding_last_edited=\"on|desktop \" global_colors_info=\"{} \"][et_pb_text _builder_version=\"4.23.2\u2033 _module_preset=\"default \" header_2_text_color=\"#77BF21\u2033 header_2_font_size=\"50px \" header_2_letter_spacing=\"-1px \" header_2_line_height=\"1.1em \" header_3_text_color=\"#FFFFFF \" header_3_font_size=\"26px \" width=\"100% \" max_width=\"100% \" module_alignment=\"left \" custom_margin=\"|0px|5px|0px|false|false \" custom_margin_tablet=\"||3px||false|false \" custom_margin_phone=\"||2px||false|false \" custom_margin_last_edited=\"on|phone \" header_2_font_size_tablet=\"47px \" header_2_font_size_phone=\"40px \" header_2_font_size_last_edited=\"on|desktop \" locked=\"off \" global_colors_info=\"{} \"]<\/p>\n<h2>Why make a donation?<\/h2>\n<p>[\/et_pb_text][et_pb_text _builder_version=\"4.23.2\u2033 _module_preset=\"default \" header_3_font=\"Roboto Flex|||||||| \" header_3_text_color=\"#33383F \" header_3_font_size=\"20px \" header_3_line_height=\"1.5em \" custom_margin=\"||13px||false|false \" header_3_font_size_tablet=\"18px \" header_3_font_size_phone=\"18px \" header_3_font_size_last_edited=\"on|tablet \" locked=\"off \" global_colors_info=\"{}\"]<\/p>\n<h3><span style=\"font-weight: 400;\">Donate to the Parti Laval to contribute directly to the party's political success, participate in meaningful initiatives and play an active role in local community development.<\/span><\/h3>\n<p>[\/et_pb_text][et_pb_blurb title=\"Financing Laval's future and local projects\" use_icon=\"on\" font_icon=\"N||divi||400\u2033 _builder_version=\"4.24.0\u2033 _module_preset=\"ff2d2ed7-831c-4ea9-bfce-7a328ebdb112\u2033 header_font=\"Roboto|700||||||| \" header_font_size=\"18px \" custom_margin=\"|0px|5px|0px|false|false \" header_font_size_tablet=\"17px \" header_font_size_phone=\"16px \" locked= \"off\" global_colors_info=\"{} \"][\/et_pb_blurb][et_pb_blurb title= \"Strengthen the community voice with your contribution\" use_icon=\"on\" font_icon=\"N||divi||400\u2033 _builder_version=\"4.24.0\u2033 _module_preset=\"ff2d2ed7-831c-4ea9-bfce-7a328ebdb112\u2033 header_font=\"Roboto|700||||||| \" header_font_size=\"18px \" custom_margin=\"|0px|5px|0px|false|false \" header_font_size_tablet=\"17px \" header_font_size_phone=\"16px \" locked= \"off\" global_colors_info=\"{} \"][\/et_pb_blurb][et_pb_blurb title=\"Supporting local action to improve life in Laval\" use_icon=\"on\" font_icon=\"N||divi||400\u2033 _builder_version=\"4.24.0\u2033 _module_preset=\"ff2d2ed7-831c-4ea9-bfce-7a328ebdb112\u2033 header_font=\"Roboto|700||||||| \" header_font_size=\"18px \" custom_margin=\"|0px|5px|0px|false|false \" header_font_size_tablet=\"17px \" header_font_size_phone=\"16px \" locked= \"off\" global_colors_info=\"{} \"][\/et_pb_blurb][et_pb_blurb title=\"Contributing to Laval's municipal democracy\" use_icon=\"on\" font_icon=\"N||divi||400\u2033 _builder_version=\"4.24.0\u2033 _module_preset=\"ff2d2ed7-831c-4ea9-bfce-7a328ebdb112\u2033 header_font=\"Roboto|700||||||| \" header_font_size=\"18px \" custom_margin=\"|0px|5px|0px|false|false \" header_font_size_tablet=\"17px \" header_font_size_phone=\"16px \" locked=\"off \" global_colors_info=\"{} \"][\/et_pb_blurb][et_pb_button button_url=\"https:\/\/monelection.org\/form\/donation\/Dktw5izODHV7mA1Dq9iJWks5Feg9L1\u2033 url_new_window=\"on\" button_text=\"Make a donation\" _builder_version=\"4.27.4\u2033 _module_preset=\"default \" custom_button=\"on \" button_text_size=\"17px \" button_text_color=\"#FFFFFF\" button_bg_color=\"#77BF21\u2033 button_font=\"|600||||||| \" custom_margin=\"20px||||false|false \" custom_margin_tablet=\"||44px||false|false \" custom_margin_phone=\"||53px||false|false \" custom_margin_last_edited=\"on|phone \" hover_enabled=\"0\u2033 button_text_size_tablet=\"17px \" button_text_size_phone=\"17px \" button_text_size_last_edited=\"on|phone \" locked=\"off \" global_colors_info=\"{} \" button_bg_color__hover_enabled=\"off|hover \" button_bg_color__hover=\"rgba(234,245,221,0.48)\" button_bg_enable_color__hover=\"on\" width_last_edited=\"on|phone\" width_tablet=\"62%\" width_phone=\"62%\" sticky_enabled=\"0\u2033][\/et_pb_button][et_pb_image src= \"https:\/\/partilaval.com\/wp-content\/uploads\/2024\/01\/Group-37.jpg \" title_text=\"Group 37\u2033 disabled_on=\"off|off|on \" _builder_version=\"4.23.2\u2033 _module_preset=\"default \" border_radii=\"on|20px|20px|20px|20px \" locked=\"off \" global_colors_info=\"{}\"][\/et_pb_image][\/et_pb_column][et_pb_column type=\"1_2\u2033 _builder_version=\"4.22.0\u2033 _module_preset=\"default \" global_colors_info=\"{} \"][et_pb_image src= \"https:\/\/partilaval.com\/wp-content\/uploads\/2024\/01\/claude-laprise-vfrOwCMFxiQ-unsplash.jpg \" title_text=\"claude-laprise-vfrOwCMFxiQ-unsplash \" show_bottom_space=\"off \" align=\"right \" disabled_on=\"on|on|off \" _builder_version=\"4.23.2\u2033 _module_preset=\"default \" width=\"74% \" border_radii=\"on|20px|20px|20px|20px \" global_colors_info=\"{} \"][\/et_pb_image][et_pb_image src= \"https:\/\/partilaval.com\/wp-content\/uploads\/2024\/01\/Group-37.jpg \" title_text=\"Group 37\u2033 disabled_on=\"on|on|off \" _builder_version=\"4.23.2\u2033 _module_preset=\"default \" width=\"50% \" custom_margin=\"-100%||||false|false \" border_radii=\"on|20px|20px|20px|20px \" global_colors_info=\"{} \"][\/et_pb_image][\/et_pb_column][\/et_pb_row][\/et_pb_section][et_pb_section fb_built=\"1\u2033 _builder_version=\"4.23.2\u2033 _module_preset=\"default \" background_color=\"#FFFFFF \" positioning=\"none \" vertical_offset=\"-61px \" vertical_offset_tablet=\"0px \" vertical_offset_phone=\"0px \" vertical_offset_last_edited=\"on|phone \" custom_margin=\"5%||||false|false \" custom_margin_tablet=\"13%||||false|false \" custom_margin_phone=\"15%||||false|false \" custom_margin_last_edited=\"on|phone \" custom_padding=\"0px||||false|false \" border_width_bottom=\"1px \" border_color_bottom=\"#e2e2e2\u2033 locked=\"off \" global_colors_info=\"{} \"][et_pb_row column_structure=\"1_4,1_4,1_4,1_4\u2033 _builder_version=\"4.23.2\u2033 _module_preset=\"default \" width=\"65% \" max_width=\"65% \" custom_margin=\"||65px||false|false \" custom_margin_tablet=\"||30px||false|false \" custom_margin_phone= \"||4px||false|false \" custom_margin_last_edited=\"on|phone \" global_module=\"807\u2033 saved_tabs=\"all \" global_colors_info=\"{} \"][et_pb_column type=\"1_4\u2033 _builder_version=\"4.23.1\u2033 _module_preset=\"default \" global_colors_info=\"{} \"][et_pb_image src= \"https:\/\/partilaval.com\/wp-content\/uploads\/2023\/11\/Logo_Parti-Laval-1-e1702928804340.png \" title_text=\"Logo_Parti Laval \" show_bottom_space=\"off \" _builder_version=\"4.23.4\u2033 _module_preset=\"default \" width=\"75% \" width_tablet=\"72% \" width_phone=\"64% \" width_last_edited=\"on|phone \" max_width=\"75% \" max_width_tablet=\"72% \" max_width_phone= \"68% \" max_width_last_edited= \"on|phone \" module_alignment= \"left \" custom_margin= \"||18px||false|false \" custom_margin_tablet= \" \" custom_margin_phone= \"||-6px||false|false \" custom_margin_last_edited=\"on|phone \" module_alignment_tablet=\"left \" module_alignment_phone=\"left \" module_alignment_last_edited=\"on|desktop \" global_colors_info=\"{} \"][\/et_pb_image][\/et_pb_column][et_pb_column type=\"1_4\u2033 _builder_version=\"4.23.1\u2033 _module_preset=\"default \" global_colors_info=\"{} \"][et_pb_text _builder_version=\"4.23.2\u2033 _dynamic_attributes=\"link_option_url \" _module_preset=\"default \" header_3_text_color=\"#33383F \" header_3_font_size=\"17px \" header_3_line_height=\"1.4em \" custom_margin=\"||1px||false|false \" custom_padding=\"||0px||false|false \" link_option_url=\"@ET-DC@eyJkeW5hbWljIjp0cnVlLCJjb250ZW50IjoicG9zdF9saW5rX3VybF9wYWdlIiwic2V0dGluZ3MiOnsicG9zdF9pZCI6IjIzIn19@ \" header_3_font_size_tablet=\"17px \" header_3_font_size_phone=\"17px \" header_3_font_size_last_edited=\"on|phone \" global_colors_info=\"{} \" border_width_bottom__hover_enabled=\"off|hover \" border_width_bottom__hover=\"1px \" header_3_text_color__hover_enabled=\"on|desktop \" header_3_text_color__hover=\"#4FAAED \"]<\/p>\n<h3>About<\/h3>\n<p>[\/et_pb_text][et_pb_text _builder_version=\"4.23.4\u2033 _dynamic_attributes=\"link_option_url \" _module_preset=\"default \" header_3_text_color=\"#33383F \" header_3_font_size=\"17px \" header_3_line_height=\"1.4em \" custom_margin=\"||1px||false|false \" custom_padding=\"||0px||false|false \" link_option_url=\"@ET-DC@eyJkeW5hbWljIjp0cnVlLCJjb250ZW50IjoicG9zdF9saW5rX3VybF9wYWdlIiwic2V0dGluZ3MiOnsicG9zdF9pZCI6IjI1In19@ \" header_3_font_size_tablet=\"17px \" header_3_font_size_phone=\"17px \" header_3_font_size_last_edited=\"on|phone \" global_colors_info=\"{} \" border_width_bottom__hover_enabled=\"off|hover \" border_width_bottom__hover=\"1px \" header_3_text_color__hover_enabled=\"on|hover \" header_3_text_color__hover=\"#77BF21\u2033]<\/p>\n<h3>Our priorities<\/h3>\n<p>[\/et_pb_text][et_pb_text _builder_version=\"4.23.2\u2033 _dynamic_attributes=\"link_option_url \" _module_preset=\"default \" header_3_text_color=\"#33383F \" header_3_font_size=\"17px \" header_3_line_height=\"1.4em \" custom_margin=\"||1px||false|false \" custom_padding=\"||0px||false|false \" link_option_url=\"@ET-DC@eyJkeW5hbWljIjp0cnVlLCJjb250ZW50IjoicG9zdF9saW5rX3VybF9wYWdlIiwic2V0dGluZ3MiOnsicG9zdF9pZCI6IjI3In19@ \" header_3_font_size_tablet=\"17px \" header_3_font_size_phone=\"17px \" header_3_font_size_last_edited=\"on|phone \" global_colors_info=\"{} \" border_width_bottom__hover_enabled=\"off|hover \" border_width_bottom__hover=\"1px \" header_3_text_color__hover_enabled=\"on|desktop \" header_3_text_color__hover=\"#4FAAED \"]<\/p>\n<h3>News<\/h3>\n<p>[\/et_pb_text][et_pb_text _builder_version=\"4.23.2\u2033 _dynamic_attributes=\"link_option_url \" _module_preset=\"default \" header_3_text_color=\"#33383F \" header_3_font_size=\"17px \" header_3_line_height=\"1.4em \" custom_margin=\"||1px||false|false \" custom_padding=\"||0px||false|false \" link_option_url=\"@ET-DC@eyJkeW5hbWljIjp0cnVlLCJjb250ZW50IjoicG9zdF9saW5rX3VybF9wYWdlIiwic2V0dGluZ3MiOnsicG9zdF9pZCI6IjI5In19@ \" header_3_font_size_tablet=\"17px \" header_3_font_size_phone=\"17px \" header_3_font_size_last_edited=\"on|phone \" global_colors_info=\"{} \" border_width_bottom__hover_enabled=\"off|hover \" border_width_bottom__hover=\"1px \" header_3_text_color__hover_enabled=\"on|hover \" header_3_text_color__hover=\"#77BF21\u2033]<\/p>\n<h3>Contact us<\/h3>\n<p>[\/et_pb_text][\/et_pb_column][et_pb_column type=\"1_4\u2033 _builder_version=\"4.23.1\u2033 _module_preset=\"default \" global_colors_info=\"{} \"][et_pb_text _builder_version=\"4.23.4\u2033 _module_preset=\"default \" header_3_text_color=\"#33383F \" header_3_font_size=\"17px \" header_3_line_height=\"1.4em \" custom_margin=\"||-5px||false|false \" custom_padding=\"||0px||false|false \" link_option_url=\"https:\/\/monelection.org\/form\/member\/mLQZrfSW474EPFPbo37addI9T2Jkh1\u2033 header_3_font_size_tablet=\"17px \" header_3_font_size_phone=\"17px \" header_3_font_size_last_edited=\"on|phone \" global_colors_info= \"{} \" border_width_bottom__hover_enabled=\"off|hover \" border_width_bottom__hover=\"1px \" header_3_text_color__hover_enabled=\"on|desktop \" header_3_text_color__hover=\"#4FAAED \"]<\/p>\n<h3>Join us<\/h3>\n<p>[\/et_pb_text][et_pb_text _builder_version=\"4.23.4\u2033 _dynamic_attributes=\"link_option_url \" _module_preset=\"default \" text_text_color=\"rgba(83,95,119,0.79) \" text_font_size=\"16px \" text_line_height=\"1.4em \" custom_margin=\"||16px||false|false \" custom_margin_tablet=\"||20px||false|false \" custom_margin_phone=\"||25px||false|false \" custom_margin_last_edited=\"on|phone \" custom_padding=\"||0px||false|false \" link_option_url=\"@ET-DC@eyJkeW5hbWljIjp0cnVlLCJjb250ZW50IjoicG9zdF9saW5rX3VybF9wYWdlIiwic2V0dGluZ3MiOnsicG9zdF9pZCI6IjMxIn19@ \" text_font_size_tablet= \" \" text_font_size_phone= \"17px \" text_font_size_last_edited=\"on|phone\" global_colors_info=\"{}\" text_text_color__hover_enabled=\"on|hover\" text_text_color__hover=\"#33383F\"]<\/p>\n<p>Why become a member?<\/p>\n<p>[\/et_pb_text][et_pb_text _builder_version=\"4.27.4\u2033 _module_preset=\"default \" text_text_color=\"rgba(83,95,119,0.5) \" header_3_text_color=\"#33383F \" header_3_font_size=\"17px \" header_3_line_height=\"1.4em \" custom_margin=\"||-5px||false|false \" custom_padding=\"||0px||false|false \" link_option_url=\"https:\/\/monelection.org\/form\/donation\/Dktw5izODHV7mA1Dq9iJWks5Feg9L1\u2033 hover_enabled=\"0\u2033 header_3_font_size_tablet=\"17px \" header_3_font_size_phone=\"17px \" header_3_font_size_last_edited=\"on|phone \" global_colors_info=\"{} \" border_width_bottom__hover_enabled= \"off|hover \" border_width_bottom__hover=\"1px \" header_3_text_color__hover_enabled=\"on|hover \" header_3_text_color__hover=\"#77BF21\u2033 text_text_color__hover=\"#33383F \" text_text_color__hover_enabled=\"on|hover \" sticky_enabled=\"0\u2033]<\/p>\n<h3>Donate<\/h3>\n<p>[\/et_pb_text][et_pb_text _builder_version=\"4.23.2\u2033 _dynamic_attributes=\"link_option_url \" _module_preset=\"default \" text_text_color=\"rgba(83,95,119,0.79) \" text_font_size=\"16px \" text_line_height=\"1.4em \" custom_margin=\"||16px||false|false \" custom_margin_tablet=\"||20px||false|false \" custom_margin_phone=\"||25px||false|false \" custom_margin_last_edited=\"on|phone \" custom_padding=\"||0px||false|false \" link_option_url=\"@ET-DC@eyJkeW5hbWljIjp0cnVlLCJjb250ZW50IjoicG9zdF9saW5rX3VybF9wYWdlIiwic2V0dGluZ3MiOnsicG9zdF9pZCI6IjMzIn19@ \" text_font_size_tablet= \" \" text_font_size_phone= \"17px \" text_font_size_last_edited=\"on|phone\" global_colors_info=\"{}\" text_text_color__hover_enabled=\"on|hover\" text_text_color__hover=\"#33383F\"]<\/p>\n<p>Why make a donation?<\/p>\n<p>[\/et_pb_text][et_pb_text _builder_version=\"4.23.2\u2033 _module_preset=\"default \" text_text_color=\"rgba(83,95,119,0.5) \" header_3_text_color=\"#33383F \" header_3_font_size=\"17px \" header_3_line_height=\"1.4em \" custom_margin=\"||-5px||false|false \" custom_padding= \"||0px||false|false \" header_3_text_color_tablet= \"#33383F \" header_3_text_color_phone= \"#33383F \" header_3_text_color_last_edited=\"on|phone \" header_3_font_size_tablet=\"17px \" header_3_font_size_phone=\"17px \" header_3_font_size_last_edited=\"on|phone \" global_colors_info=\"{} \" border_width_bottom__hover_enabled=\"off|hover \" border_width_bottom__hover=\"1px \" header_3_text_color__hover_enabled= \"on|desktop \" header_3_text_color__hover=\"#4FAAED \" text_text_color__hover=\"#33383F \" text_text_color__hover_enabled=\"on|hover \"]<\/p>\n<h3>Being a volunteer<\/h3>\n<p>[\/et_pb_text][et_pb_text _builder_version=\"4.23.4\u2033 _dynamic_attributes=\"link_option_url \" _module_preset=\"default \" text_text_color=\"rgba(83,95,119,0.79) \" text_font_size=\"16px \" text_line_height=\"1.4em \" custom_margin=\"||16px||false|false \" custom_margin_tablet=\"||20px||false|false \" custom_margin_phone=\"||25px||false|false \" custom_margin_last_edited=\"on|phone \" custom_padding=\"||0px||false|false \" link_option_url=\"@ET-DC@eyJkeW5hbWljIjp0cnVlLCJjb250ZW50IjoicG9zdF9saW5rX3VybF9wYWdlIiwic2V0dGluZ3MiOnsicG9zdF9pZCI6IjM5NyJ9fQ==@ \" text_font_size_tablet= \" \" text_font_size_phone= \"17px \" text_font_size_last_edited=\"on|phone \" global_colors_info=\"{} \" text_text_color__hover_enabled=\"on|hover \" text_text_color__hover=\"#33383F \"]<\/p>\n<p>Why volunteer?<\/p>\n<p>[\/et_pb_text][\/et_pb_column][et_pb_column type=\"1_4\u2033 _builder_version=\"4.23.1\u2033 _module_preset=\"default \" global_colors_info=\"{} \"][et_pb_text _builder_version=\"4.23.1\u2033 _module_preset=\"default \" text_text_color=\"rgba(83,95,119,0.5) \" header_3_text_color=\"#33383F \" header_3_font_size=\"17px \" header_3_line_height=\"1.4em \" custom_margin=\"||-4px||false|false \" custom_padding=\"||0px||false|false \" header_3_font_size_tablet=\"17px \" header_3_font_size_phone=\"17px \" header_3_font_size_last_edited=\"on|phone \" global_colors_info=\"{} \" border_width_bottom__hover_enabled= \"off|hover \" border_width_bottom__hover=\"1px \" header_3_text_color__hover_enabled=\"on|hover \" header_3_text_color__hover=\"#4FAAED \" text_text_color__hover=\"#33383F \" text_text_color__hover_enabled=\"on|hover \"]<\/p>\n<h3>E-mail<\/h3>\n<p>[\/et_pb_text][et_pb_text _builder_version=\"4.23.4\u2033 _module_preset=\"default \" text_text_color=\"rgba(83,95,119,0.79) \" text_font_size=\"16px \" text_line_height=\"1.4em \" custom_margin=\"||16px||false|false \" custom_margin_tablet=\"||20px||false|false \" custom_margin_phone=\"||-10px||false|false \" custom_margin_last_edited= \"on|phone \" custom_padding= \"||0px||false|false \" link_option_url= \"mailto:contact@partilaval.com \" text_font_size_tablet= \" \" text_font_size_phone=\"17px \" text_font_size_last_edited=\"on|phone \" global_colors_info=\"{} \" text_text_color__hover_enabled=\"on|hover \" text_text_color__hover=\"#33383F \"]<\/p>\n<p>contact@partilaval.com<\/p>\n<p>[\/et_pb_text][et_pb_button button_url=\"https:\/\/monelection.org\/form\/sign\/OA8kqp4NqDGCUPLjAd44nkoPJuE0aN \" url_new_window=\"on \" button_text=\"Subscribe to newsletter \" _builder_version=\"4.24.0\u2033 _module_preset=\"default \" custom_button=\"on \" button_text_size=\"14px \" button_text_color=\"#FFFFFF \" button_bg_color=\"rgba(51,56,63,0.82) \" button_border_color=\"#F7F7F7\u2033 button_font=\"|||||||| \" button_icon=\"$||divi||400\u2033 custom_margin=\"25px||29px||false|false \" custom_margin_last_edited=\"off|desktop \" button_text_size_tablet= \"15px \" button_text_size_phone=\"15px \" button_text_size_last_edited=\"on|phone \" global_colors_info=\"{} \" button_bg_color__hover_enabled=\"off|hover \" button_bg_color__hover=\"rgba(234,245,221,0.48)\" button_bg_enable_color__hover=\"on\" width_last_edited=\"on|phone\" width_tablet=\"62%\" width_phone=\"62%\"][\/et_pb_button][et_pb_social_media_follow _builder_version=\"4.23.2\u2033 _module_preset=\"default \" custom_margin_tablet=\"34px||||false|false \" custom_margin_phone=\"34px||||false|false \" custom_margin_last_edited=\"on|phone \" border_radii= \"on|619px|619px|619px|619px \" global_colors_info=\"{} \" custom_margin__hover_enabled=\"off|desktop \"][et_pb_social_media_follow_network social_network=\"facebook \" url=\"https:\/\/www.facebook.com\/partilavalofficiel\/?locale=en_CA \" _builder_version=\"4.23.2\u2033 _module_preset=\"default \" background_color=\"#3b5998\u2033 global_colors_info=\"{}\" follow_button=\"off \" url_new_window=\"on\"]facebook[\/et_pb_social_media_follow_network][et_pb_social_media_follow_network social_network=\"twitter \" url=\"https:\/\/x.com\/Le_PartiLaval?s=20\u2033 _builder_version=\"4.23.2\u2033 _module_preset=\"default \" background_color=\"#000000\u2033 global_colors_info=\"{} \" follow_button=\"off \" url_new_window=\"on\"]X[\/et_pb_social_media_follow_network][\/et_pb_social_media_follow][dsm_button _builder_version=\"4.23.1\u2033 _module_preset=\"default \" global_colors_info=\"{} \"][\/dsm_button][\/et_pb_column][\/et_pb_row][\/et_pb_section]<\/p>","protected":false},"excerpt":{"rendered":"<p>Why donate?Donate to the Parti Laval to contribute directly to the party's political success, participate in meaningful initiatives and play an active role in the development of the local community.AboutOur commitmentsNewsContact usBecome a memberWhy become a memberDonateWhy donate?VolunteerWhy be b\u00e9n\u00e9vole?Courrielcontact@partilaval.com<div class=\"et_pb_module dsm_button dsm_button_0 et_pb_bg_layout_light\">\n\t\t\t\t\n\t\t\t\t\n\t\t\t\t\n\t\t\t\t\n\t\t\t\t\n\t\t\t\t\n\t\t\t\t<div class=\"et_pb_module_inner\">\n\t\t\t\t\t<div class=\"et_pb_button_module_wrappers dsm_button_0_wrapper  et_pb_module\">\n\t\t\t\t\n\t\t\t<\/div>\n\t\t\t\t<\/div>\n\t\t\t<\/div><\/p>","protected":false},"author":1,"featured_media":0,"parent":0,"menu_order":0,"comment_status":"closed","ping_status":"closed","template":"","meta":{"_et_pb_use_builder":"on","_et_pb_old_content":"","_et_gb_content_width":"","footnotes":""},"class_list":["post-33","page","type-page","status-publish","hentry"],"yoast_head":"<!-- This site is optimized with the Yoast SEO plugin v25.2 - https:\/\/yoast.com\/wordpress\/plugins\/seo\/ -->\n<title>Pourquoi faire un don? - Parti Laval<\/title>\n<meta name=\"robots\" content=\"index, follow, max-snippet:-1, max-image-preview:large, max-video-preview:-1\" \/>\n<link rel=\"canonical\" href=\"https:\/\/partilaval.com\/en\/faire-un-don\/\" \/>\n<meta property=\"og:locale\" content=\"en_US\" \/>\n<meta property=\"og:type\" content=\"article\" \/>\n<meta property=\"og:title\" content=\"Pourquoi faire un don? - Parti Laval\" \/>\n<meta property=\"og:description\" content=\"Pourquoi faire un don?Faites un don au Parti Laval afin de contribuer directement au succ\u00e8s politique du parti, de participer \u00e0 des initiatives significatives et de jouer un r\u00f4le actif dans le d\u00e9veloppement de la communaut\u00e9 locale.\u00c0 proposNos engagementsNouvellesContactez-nousDevenir membrePourquoi devenir membre?Faire un donPourquoi faire un don?\u00catre b\u00e9n\u00e9volePourquoi \u00eatre b\u00e9n\u00e9vole?Courrielcontact@partilaval.com\" \/>\n<meta property=\"og:url\" content=\"https:\/\/partilaval.com\/en\/faire-un-don\/\" \/>\n<meta property=\"og:site_name\" content=\"Parti Laval\" \/>\n<meta property=\"article:modified_time\" content=\"2025-02-26T14:55:30+00:00\" \/>\n<meta name=\"twitter:card\" content=\"summary_large_image\" \/>\n<meta name=\"twitter:label1\" content=\"Est. reading time\" \/>\n\t<meta name=\"twitter:data1\" content=\"13 minutes\" \/>\n<script type=\"application\/ld+json\" class=\"yoast-schema-graph\">{\"@context\":\"https:\/\/schema.org\",\"@graph\":[{\"@type\":\"WebPage\",\"@id\":\"https:\/\/partilaval.com\/faire-un-don\/\",\"url\":\"https:\/\/partilaval.com\/faire-un-don\/\",\"name\":\"Pourquoi faire un don? - Parti Laval\",\"isPartOf\":{\"@id\":\"https:\/\/partilaval.com\/#website\"},\"datePublished\":\"2023-11-30T17:43:21+00:00\",\"dateModified\":\"2025-02-26T14:55:30+00:00\",\"breadcrumb\":{\"@id\":\"https:\/\/partilaval.com\/faire-un-don\/#breadcrumb\"},\"inLanguage\":\"en-CA\",\"potentialAction\":[{\"@type\":\"ReadAction\",\"target\":[\"https:\/\/partilaval.com\/faire-un-don\/\"]}]},{\"@type\":\"BreadcrumbList\",\"@id\":\"https:\/\/partilaval.com\/faire-un-don\/#breadcrumb\",\"itemListElement\":[{\"@type\":\"ListItem\",\"position\":1,\"name\":\"Accueil\",\"item\":\"https:\/\/partilaval.com\/\"},{\"@type\":\"ListItem\",\"position\":2,\"name\":\"Pourquoi faire un don?\"}]},{\"@type\":\"WebSite\",\"@id\":\"https:\/\/partilaval.com\/#website\",\"url\":\"https:\/\/partilaval.com\/\",\"name\":\"Parti Laval\",\"description\":\"Construisons l&#039;avenir ensemble\",\"potentialAction\":[{\"@type\":\"SearchAction\",\"target\":{\"@type\":\"EntryPoint\",\"urlTemplate\":\"https:\/\/partilaval.com\/?s={search_term_string}\"},\"query-input\":{\"@type\":\"PropertyValueSpecification\",\"valueRequired\":true,\"valueName\":\"search_term_string\"}}],\"inLanguage\":\"en-CA\"}]}<\/script>\n<!-- \/ Yoast SEO plugin. -->","yoast_head_json":{"title":"Why donate? - Laval Party","robots":{"index":"index","follow":"follow","max-snippet":"max-snippet:-1","max-image-preview":"max-image-preview:large","max-video-preview":"max-video-preview:-1"},"canonical":"https:\/\/partilaval.com\/en\/faire-un-don\/","og_locale":"en_US","og_type":"article","og_title":"Pourquoi faire un don? - Parti Laval","og_description":"Pourquoi faire un don?Faites un don au Parti Laval afin de contribuer directement au succ\u00e8s politique du parti, de participer \u00e0 des initiatives significatives et de jouer un r\u00f4le actif dans le d\u00e9veloppement de la communaut\u00e9 locale.\u00c0 proposNos engagementsNouvellesContactez-nousDevenir membrePourquoi devenir membre?Faire un donPourquoi faire un don?\u00catre b\u00e9n\u00e9volePourquoi \u00eatre b\u00e9n\u00e9vole?Courrielcontact@partilaval.com","og_url":"https:\/\/partilaval.com\/en\/faire-un-don\/","og_site_name":"Parti Laval","article_modified_time":"2025-02-26T14:55:30+00:00","twitter_card":"summary_large_image","twitter_misc":{"Est. reading time":"13 minutes"},"schema":{"@context":"https:\/\/schema.org","@graph":[{"@type":"WebPage","@id":"https:\/\/partilaval.com\/faire-un-don\/","url":"https:\/\/partilaval.com\/faire-un-don\/","name":"Why donate? - Laval Party","isPartOf":{"@id":"https:\/\/partilaval.com\/#website"},"datePublished":"2023-11-30T17:43:21+00:00","dateModified":"2025-02-26T14:55:30+00:00","breadcrumb":{"@id":"https:\/\/partilaval.com\/faire-un-don\/#breadcrumb"},"inLanguage":"en-CA","potentialAction":[{"@type":"ReadAction","target":["https:\/\/partilaval.com\/faire-un-don\/"]}]},{"@type":"BreadcrumbList","@id":"https:\/\/partilaval.com\/faire-un-don\/#breadcrumb","itemListElement":[{"@type":"ListItem","position":1,"name":"Accueil","item":"https:\/\/partilaval.com\/"},{"@type":"ListItem","position":2,"name":"Pourquoi faire un don?"}]},{"@type":"WebSite","@id":"https:\/\/partilaval.com\/#website","url":"https:\/\/partilaval.com\/","name":"Laval Party","description":"Building the future together","potentialAction":[{"@type":"SearchAction","target":{"@type":"EntryPoint","urlTemplate":"https:\/\/partilaval.com\/?s={search_term_string}"},"query-input":{"@type":"PropertyValueSpecification","valueRequired":true,"valueName":"search_term_string"}}],"inLanguage":"en-CA"}]}},"_links":{"self":[{"href":"https:\/\/partilaval.com\/en\/wp-json\/wp\/v2\/pages\/33","targetHints":{"allow":["GET"]}}],"collection":[{"href":"https:\/\/partilaval.com\/en\/wp-json\/wp\/v2\/pages"}],"about":[{"href":"https:\/\/partilaval.com\/en\/wp-json\/wp\/v2\/types\/page"}],"author":[{"embeddable":true,"href":"https:\/\/partilaval.com\/en\/wp-json\/wp\/v2\/users\/1"}],"replies":[{"embeddable":true,"href":"https:\/\/partilaval.com\/en\/wp-json\/wp\/v2\/comments?post=33"}],"version-history":[{"count":19,"href":"https:\/\/partilaval.com\/en\/wp-json\/wp\/v2\/pages\/33\/revisions"}],"predecessor-version":[{"id":1350,"href":"https:\/\/partilaval.com\/en\/wp-json\/wp\/v2\/pages\/33\/revisions\/1350"}],"wp:attachment":[{"href":"https:\/\/partilaval.com\/en\/wp-json\/wp\/v2\/media?parent=33"}],"curies":[{"name":"wp","href":"https:\/\/api.w.org\/{rel}","templated":true}]}}